{"id":5648,"date":"2023-01-07T07:45:06","date_gmt":"2023-01-07T04:45:06","guid":{"rendered":"https:\/\/soly.net.tr\/hotspot\/?page_id=5648"},"modified":"2025-02-11T18:16:29","modified_gmt":"2025-02-11T15:16:29","slug":"iletisim","status":"publish","type":"page","link":"https:\/\/soly.net.tr\/hotspot\/iletisim\/","title":{"rendered":"\u0130leti\u015fim"},"content":{"rendered":"\t\t<div data-elementor-type=\"wp-page\" data-elementor-id=\"5648\" class=\"elementor elementor-5648\">\n\t\t\t\t\t\t<section class=\"elementor-section elementor-top-section elementor-element elementor-element-7dc9bc47 elementor-section-boxed elementor-section-height-default elementor-section-height-default\" data-id=\"7dc9bc47\" data-element_type=\"section\">\n\t\t\t\t\t\t<div class=\"elementor-container elementor-column-gap-default\">\n\t\t\t\t\t<div class=\"elementor-column elementor-col-100 elementor-top-column elementor-element elementor-element-7878d6c3\" data-id=\"7878d6c3\" data-element_type=\"column\">\n\t\t\t<div class=\"elementor-widget-wrap elementor-element-populated\">\n\t\t\t\t\t\t<section class=\"elementor-section elementor-inner-section elementor-element elementor-element-33f3c078 elementor-section-boxed elementor-section-height-default elementor-section-height-default\" data-id=\"33f3c078\" data-element_type=\"section\">\n\t\t\t\t\t\t<div class=\"elementor-container elementor-column-gap-default\">\n\t\t\t\t\t<div class=\"elementor-column elementor-col-100 elementor-inner-column elementor-element elementor-element-5e58bdb5\" data-id=\"5e58bdb5\" data-element_type=\"column\">\n\t\t\t<div class=\"elementor-widget-wrap elementor-element-populated\">\n\t\t\t\t\t\t<div class=\"elementor-element elementor-element-4ff14bd4 iteck-color elementor-widget elementor-widget-iteck-heading\" data-id=\"4ff14bd4\" data-element_type=\"widget\" data-widget_type=\"iteck-heading.default\">\n\t\t\t\t<div class=\"elementor-widget-container\">\n\t\t\t\t\t<h1 class=\"iteck-heading iteck-underline-color\">Soly Hotspot <span>\u0130leti\u015fim<\/span><\/h1>\t\t\t\t<\/div>\n\t\t\t\t<\/div>\n\t\t\t\t\t<\/div>\n\t\t<\/div>\n\t\t\t\t\t<\/div>\n\t\t<\/section>\n\t\t\t\t<section class=\"elementor-section elementor-inner-section elementor-element elementor-element-62701f33 elementor-section-boxed elementor-section-height-default elementor-section-height-default\" data-id=\"62701f33\" data-element_type=\"section\">\n\t\t\t\t\t\t<div class=\"elementor-container elementor-column-gap-default\">\n\t\t\t\t\t<div class=\"elementor-column elementor-col-33 elementor-inner-column elementor-element elementor-element-30170297\" data-id=\"30170297\" data-element_type=\"column\">\n\t\t\t<div class=\"elementor-widget-wrap elementor-element-populated\">\n\t\t\t\t\t\t<div class=\"elementor-element elementor-element-75ed4f7a iteck-image-animation-scale-up-down elementor-widget elementor-widget-iteck-image\" data-id=\"75ed4f7a\" data-element_type=\"widget\" data-widget_type=\"iteck-image.default\">\n\t\t\t\t<div class=\"elementor-widget-container\">\n\t\t\t\t\t\r\n\t\t<div class=\"iteck-image\">\r\n\r\n\t\t\t\t\t\t\t\t\t<div class=\"elementor-image\">\r\n\t\t\t\t\t\t\t\t\t\t\t\t\t\t\t\t<img decoding=\"async\" width=\"60\" height=\"68\" src=\"https:\/\/soly.net.tr\/hotspot\/wp-content\/uploads\/2023\/01\/contact-tel.png\" class=\"attachment-full size-full wp-image-5664\" alt=\"\" \/>\t\t\t\t\t\t\t\t\t\t\t\t\t\t\t\t\t\t\t<\/div>\r\n\t\t\t\r\n\t\t<\/div>\r\n\r\n\t\t\t\t\t\t<\/div>\n\t\t\t\t<\/div>\n\t\t\t\t<div class=\"elementor-element elementor-element-c1b4789 elementor-widget elementor-widget-iteck-heading\" data-id=\"c1b4789\" data-element_type=\"widget\" data-widget_type=\"iteck-heading.default\">\n\t\t\t\t<div class=\"elementor-widget-container\">\n\t\t\t\t\t<p class=\"iteck-heading\"><a href=\"tel:+905327122602\">+90\u00a0532\u00a0712\u00a026\u00a002<\/a><\/p>\t\t\t\t<\/div>\n\t\t\t\t<\/div>\n\t\t\t\t\t<\/div>\n\t\t<\/div>\n\t\t\t\t<div class=\"elementor-column elementor-col-33 elementor-inner-column elementor-element elementor-element-64013137\" data-id=\"64013137\" data-element_type=\"column\">\n\t\t\t<div class=\"elementor-widget-wrap elementor-element-populated\">\n\t\t\t\t\t\t<div class=\"elementor-element elementor-element-6c3c226b iteck-image-animation-scale-up-down elementor-widget elementor-widget-iteck-image\" data-id=\"6c3c226b\" data-element_type=\"widget\" data-widget_type=\"iteck-image.default\">\n\t\t\t\t<div class=\"elementor-widget-container\">\n\t\t\t\t\t\r\n\t\t<div class=\"iteck-image\">\r\n\r\n\t\t\t\t\t\t\t\t\t<div class=\"elementor-image\">\r\n\t\t\t\t\t\t\t\t\t\t\t\t\t\t\t\t<img decoding=\"async\" width=\"51\" height=\"82\" src=\"https:\/\/soly.net.tr\/hotspot\/wp-content\/uploads\/2023\/01\/contact-adres.png\" class=\"attachment-full size-full wp-image-5654\" alt=\"\" \/>\t\t\t\t\t\t\t\t\t\t\t\t\t\t\t\t\t\t\t<\/div>\r\n\t\t\t\r\n\t\t<\/div>\r\n\r\n\t\t\t\t\t\t<\/div>\n\t\t\t\t<\/div>\n\t\t\t\t<div class=\"elementor-element elementor-element-30058a76 elementor-widget elementor-widget-iteck-heading\" data-id=\"30058a76\" data-element_type=\"widget\" data-widget_type=\"iteck-heading.default\">\n\t\t\t\t<div class=\"elementor-widget-container\">\n\t\t\t\t\t<p class=\"iteck-heading\">\u00dc\u00e7gen Mah. Abdi \u0130pek\u00e7i Cad. No:13 \u0130\u00e7Kap\u0131 No:101 (Creawork) Muratpa\u015fa \/ Antalya<\/p>\t\t\t\t<\/div>\n\t\t\t\t<\/div>\n\t\t\t\t\t<\/div>\n\t\t<\/div>\n\t\t\t\t<div class=\"elementor-column elementor-col-33 elementor-inner-column elementor-element elementor-element-5b8e36d\" data-id=\"5b8e36d\" data-element_type=\"column\">\n\t\t\t<div class=\"elementor-widget-wrap elementor-element-populated\">\n\t\t\t\t\t\t<div class=\"elementor-element elementor-element-2251cda4 iteck-image-animation-scale-up-down elementor-widget elementor-widget-iteck-image\" data-id=\"2251cda4\" data-element_type=\"widget\" data-widget_type=\"iteck-image.default\">\n\t\t\t\t<div class=\"elementor-widget-container\">\n\t\t\t\t\t\r\n\t\t<div class=\"iteck-image\">\r\n\r\n\t\t\t\t\t\t\t\t\t<div class=\"elementor-image\">\r\n\t\t\t\t\t\t\t\t\t\t\t\t\t\t\t\t<img decoding=\"async\" width=\"85\" height=\"67\" src=\"https:\/\/soly.net.tr\/hotspot\/wp-content\/uploads\/2023\/01\/contact-mail.png\" class=\"attachment-full size-full wp-image-5655\" alt=\"\" \/>\t\t\t\t\t\t\t\t\t\t\t\t\t\t\t\t\t\t\t<\/div>\r\n\t\t\t\r\n\t\t<\/div>\r\n\r\n\t\t\t\t\t\t<\/div>\n\t\t\t\t<\/div>\n\t\t\t\t<div class=\"elementor-element elementor-element-3b2db4ee elementor-widget elementor-widget-iteck-heading\" data-id=\"3b2db4ee\" data-element_type=\"widget\" data-widget_type=\"iteck-heading.default\">\n\t\t\t\t<div class=\"elementor-widget-container\">\n\t\t\t\t\t<p class=\"iteck-heading\"><a href=\"mailto:info@soly.net.tr\">info@soly.net.tr<\/a><\/p>\t\t\t\t<\/div>\n\t\t\t\t<\/div>\n\t\t\t\t\t<\/div>\n\t\t<\/div>\n\t\t\t\t\t<\/div>\n\t\t<\/section>\n\t\t\t\t\t<\/div>\n\t\t<\/div>\n\t\t\t\t\t<\/div>\n\t\t<\/section>\n\t\t\t\t<section class=\"elementor-section elementor-top-section elementor-element elementor-element-c81de33 elementor-section-boxed elementor-section-height-default elementor-section-height-default\" data-id=\"c81de33\" data-element_type=\"section\">\n\t\t\t\t\t\t<div class=\"elementor-container elementor-column-gap-default\">\n\t\t\t\t\t<div class=\"elementor-column elementor-col-100 elementor-top-column elementor-element elementor-element-407a980\" data-id=\"407a980\" data-element_type=\"column\">\n\t\t\t<div class=\"elementor-widget-wrap elementor-element-populated\">\n\t\t\t\t\t\t<section class=\"elementor-section elementor-inner-section elementor-element elementor-element-35a542d8 elementor-section-boxed elementor-section-height-default elementor-section-height-default\" data-id=\"35a542d8\" data-element_type=\"section\" data-settings=\"{&quot;background_background&quot;:&quot;gradient&quot;}\">\n\t\t\t\t\t\t<div class=\"elementor-container elementor-column-gap-default\">\n\t\t\t\t\t<div class=\"elementor-column elementor-col-16 elementor-inner-column elementor-element elementor-element-51e0847c\" data-id=\"51e0847c\" data-element_type=\"column\">\n\t\t\t<div class=\"elementor-widget-wrap\">\n\t\t\t\t\t\t\t<\/div>\n\t\t<\/div>\n\t\t\t\t<div class=\"elementor-column elementor-col-66 elementor-inner-column elementor-element elementor-element-1ce4f17c\" data-id=\"1ce4f17c\" data-element_type=\"column\">\n\t\t\t<div class=\"elementor-widget-wrap elementor-element-populated\">\n\t\t\t\t\t\t<div class=\"elementor-element elementor-element-77bc3a47 elementor-widget elementor-widget-iteck-heading\" data-id=\"77bc3a47\" data-element_type=\"widget\" data-widget_type=\"iteck-heading.default\">\n\t\t\t\t<div class=\"elementor-widget-container\">\n\t\t\t\t\t<p class=\"iteck-heading\">* ile i\u015faretli alanlar zorunludur.<\/p>\t\t\t\t<\/div>\n\t\t\t\t<\/div>\n\t\t\t\t<div class=\"elementor-element elementor-element-23e1de35 elementor-widget elementor-widget-iteck-contact-form\" data-id=\"23e1de35\" data-element_type=\"widget\" data-widget_type=\"iteck-contact-form.default\">\n\t\t\t\t<div class=\"elementor-widget-container\">\n\t\t\t\t\t\r\n\t\t<div class=\"iteck-contact-shortcode button-center\">\n<div class=\"wpcf7 no-js\" id=\"wpcf7-f5442-o1\" lang=\"tr-TR\" dir=\"ltr\" data-wpcf7-id=\"5442\">\n<div class=\"screen-reader-response\"><p role=\"status\" aria-live=\"polite\" aria-atomic=\"true\"><\/p> <ul><\/ul><\/div>\n<form action=\"\/hotspot\/wp-json\/wp\/v2\/pages\/5648#wpcf7-f5442-o1\" method=\"post\" class=\"wpcf7-form init\" aria-label=\"\u0130leti\u015fim Formu\" novalidate=\"novalidate\" data-status=\"init\">\n<div style=\"display: none;\">\n<input type=\"hidden\" name=\"_wpcf7\" value=\"5442\" \/>\n<input type=\"hidden\" name=\"_wpcf7_version\" value=\"6.0.6\" \/>\n<input type=\"hidden\" name=\"_wpcf7_locale\" value=\"tr_TR\" \/>\n<input type=\"hidden\" name=\"_wpcf7_unit_tag\" value=\"wpcf7-f5442-o1\" \/>\n<input type=\"hidden\" name=\"_wpcf7_container_post\" value=\"0\" \/>\n<input type=\"hidden\" name=\"_wpcf7_posted_data_hash\" value=\"\" \/>\n<\/div>\n<div class=\"row\">\n\t<div class=\"col-lg-6\">\n\t\t<p><span class=\"wpcf7-form-control-wrap\" data-name=\"your-name\"><input size=\"40\" maxlength=\"400\" class=\"wpcf7-form-control wpcf7-text wpcf7-validates-as-required col-lg-12\" aria-required=\"true\" aria-invalid=\"false\" placeholder=\"Ad Soyad *\" value=\"\" type=\"text\" name=\"your-name\" \/><\/span>\n\t\t<\/p>\n\t<\/div>\n\t<div class=\"col-lg-6\">\n\t\t<p><span class=\"wpcf7-form-control-wrap\" data-name=\"your-email\"><input size=\"40\" maxlength=\"400\" class=\"wpcf7-form-control wpcf7-email wpcf7-validates-as-required wpcf7-text wpcf7-validates-as-email col-lg-12\" aria-required=\"true\" aria-invalid=\"false\" placeholder=\"E-mail *\" value=\"\" type=\"email\" name=\"your-email\" \/><\/span>\n\t\t<\/p>\n\t<\/div>\n\t<div class=\"col-lg-6\">\n\t\t<p><span class=\"wpcf7-form-control-wrap\" data-name=\"phone-number\"><input size=\"40\" maxlength=\"400\" class=\"wpcf7-form-control wpcf7-tel wpcf7-validates-as-required wpcf7-text wpcf7-validates-as-tel\" aria-required=\"true\" aria-invalid=\"false\" placeholder=\"Telefon No *\" value=\"\" type=\"tel\" name=\"phone-number\" \/><\/span>\n\t\t<\/p>\n\t<\/div>\n\t<div class=\"col-lg-6\">\n\t\t<p><span class=\"wpcf7-form-control-wrap\" data-name=\"your-subject\"><input size=\"40\" maxlength=\"400\" class=\"wpcf7-form-control wpcf7-text\" aria-invalid=\"false\" placeholder=\"Konu\" value=\"\" type=\"text\" name=\"your-subject\" \/><\/span>\n\t\t<\/p>\n\t<\/div>\n\t<div class=\"col-lg-12\">\n\t\t<p><span class=\"wpcf7-form-control-wrap\" data-name=\"your-message\"><textarea cols=\"40\" rows=\"10\" maxlength=\"2000\" class=\"wpcf7-form-control wpcf7-textarea wpcf7-validates-as-required col-lg-12\" aria-required=\"true\" aria-invalid=\"false\" placeholder=\"Mesaj *\" name=\"your-message\"><\/textarea><\/span>\n\t\t<\/p>\n\t<\/div>\n\t<div class=\"col-lg-12\">\n\t\t<p><input class=\"wpcf7-form-control wpcf7-submit has-spinner\" type=\"submit\" value=\"G\u00d6NDER\" \/>\n\t\t<\/p>\n\t<\/div>\n<\/div><p style=\"display: none !important;\" class=\"akismet-fields-container\" data-prefix=\"_wpcf7_ak_\"><label>&#916;<textarea name=\"_wpcf7_ak_hp_textarea\" cols=\"45\" rows=\"8\" maxlength=\"100\"><\/textarea><\/label><input type=\"hidden\" id=\"ak_js_1\" name=\"_wpcf7_ak_js\" value=\"161\"\/><script>document.getElementById( \"ak_js_1\" ).setAttribute( \"value\", ( new Date() ).getTime() );<\/script><\/p><div class=\"wpcf7-response-output\" aria-hidden=\"true\"><\/div>\n<\/form>\n<\/div>\n<\/div>\r\n\t\r\n\t\t\t\t\t\t<\/div>\n\t\t\t\t<\/div>\n\t\t\t\t\t<\/div>\n\t\t<\/div>\n\t\t\t\t<div class=\"elementor-column elementor-col-16 elementor-inner-column elementor-element elementor-element-298f41fc\" data-id=\"298f41fc\" data-element_type=\"column\">\n\t\t\t<div class=\"elementor-widget-wrap\">\n\t\t\t\t\t\t\t<\/div>\n\t\t<\/div>\n\t\t\t\t\t<\/div>\n\t\t<\/section>\n\t\t\t\t<div class=\"elementor-element elementor-element-2303bb45 elementor-widget__width-initial elementor-absolute iteck-image-animation-none elementor-widget elementor-widget-iteck-image\" data-id=\"2303bb45\" data-element_type=\"widget\" data-settings=\"{&quot;_position&quot;:&quot;absolute&quot;}\" data-widget_type=\"iteck-image.default\">\n\t\t\t\t<div class=\"elementor-widget-container\">\n\t\t\t\t\t\r\n\t\t<div class=\"iteck-image\">\r\n\r\n\t\t\t\t\t\t\t\t\t<div class=\"elementor-image\">\r\n\t\t\t\t\t\t\t\t\t\t\t\t\t\t\t\t<img loading=\"lazy\" decoding=\"async\" width=\"357\" height=\"357\" src=\"https:\/\/soly.net.tr\/hotspot\/wp-content\/uploads\/2023\/01\/contact-2.png\" class=\"attachment-full size-full wp-image-5677\" alt=\"\" \/>\t\t\t\t\t\t\t\t\t\t\t\t\t\t\t\t\t\t\t<\/div>\r\n\t\t\t\r\n\t\t<\/div>\r\n\r\n\t\t\t\t\t\t<\/div>\n\t\t\t\t<\/div>\n\t\t\t\t<div class=\"elementor-element elementor-element-3f1a61dd elementor-widget__width-initial elementor-absolute iteck-image-animation-none elementor-widget elementor-widget-iteck-image\" data-id=\"3f1a61dd\" data-element_type=\"widget\" data-settings=\"{&quot;_position&quot;:&quot;absolute&quot;}\" data-widget_type=\"iteck-image.default\">\n\t\t\t\t<div class=\"elementor-widget-container\">\n\t\t\t\t\t\r\n\t\t<div class=\"iteck-image\">\r\n\r\n\t\t\t\t\t\t\t\t\t<div class=\"elementor-image\">\r\n\t\t\t\t\t\t\t\t\t\t\t\t\t\t\t\t<img loading=\"lazy\" decoding=\"async\" width=\"204\" height=\"270\" src=\"https:\/\/soly.net.tr\/hotspot\/wp-content\/uploads\/2023\/01\/contact-1.png\" class=\"attachment-full size-full wp-image-5676\" alt=\"\" \/>\t\t\t\t\t\t\t\t\t\t\t\t\t\t\t\t\t\t\t<\/div>\r\n\t\t\t\r\n\t\t<\/div>\r\n\r\n\t\t\t\t\t\t<\/div>\n\t\t\t\t<\/div>\n\t\t\t\t\t<\/div>\n\t\t<\/div>\n\t\t\t\t\t<\/div>\n\t\t<\/section>\n\t\t\t\t<\/div>\n\t\t","protected":false},"excerpt":{"rendered":"<p>Soly Hotspot \u0130leti\u015fim +90\u00a0532\u00a0712\u00a026\u00a002 \u00dc\u00e7gen Mah. Abdi \u0130pek\u00e7i Cad. No:13 \u0130\u00e7Kap\u0131 No:101 (Creawork) Muratpa\u015fa \/ Antalya info@soly.net.tr * ile i\u015faretli alanlar zorunludur. &#916;<\/p>\n","protected":false},"author":2,"featured_media":0,"parent":0,"menu_order":0,"comment_status":"closed","ping_status":"closed","template":"blank-builder.php","meta":{"footnotes":""},"class_list":["post-5648","page","type-page","status-publish","hentry"],"_links":{"self":[{"href":"https:\/\/soly.net.tr\/hotspot\/wp-json\/wp\/v2\/pages\/5648","targetHints":{"allow":["GET"]}}],"collection":[{"href":"https:\/\/soly.net.tr\/hotspot\/wp-json\/wp\/v2\/pages"}],"about":[{"href":"https:\/\/soly.net.tr\/hotspot\/wp-json\/wp\/v2\/types\/page"}],"author":[{"embeddable":true,"href":"https:\/\/soly.net.tr\/hotspot\/wp-json\/wp\/v2\/users\/2"}],"replies":[{"embeddable":true,"href":"https:\/\/soly.net.tr\/hotspot\/wp-json\/wp\/v2\/comments?post=5648"}],"version-history":[{"count":6,"href":"https:\/\/soly.net.tr\/hotspot\/wp-json\/wp\/v2\/pages\/5648\/revisions"}],"predecessor-version":[{"id":7662,"href":"https:\/\/soly.net.tr\/hotspot\/wp-json\/wp\/v2\/pages\/5648\/revisions\/7662"}],"wp:attachment":[{"href":"https:\/\/soly.net.tr\/hotspot\/wp-json\/wp\/v2\/media?parent=5648"}],"curies":[{"name":"wp","href":"https:\/\/api.w.org\/{rel}","templated":true}]}}