{"id":5972,"date":"2023-01-11T12:06:44","date_gmt":"2023-01-11T09:06:44","guid":{"rendered":"https:\/\/soly.net.tr\/hotspot\/?page_id=5972"},"modified":"2023-04-06T20:33:39","modified_gmt":"2023-04-06T17:33:39","slug":"akinsoft-entegrasyonu","status":"publish","type":"page","link":"https:\/\/soly.net.tr\/hotspot\/akinsoft-entegrasyonu\/","title":{"rendered":"Ak\u0131nsoft Entegrasyonu"},"content":{"rendered":"\t\t<div data-elementor-type=\"wp-page\" data-elementor-id=\"5972\" class=\"elementor elementor-5972\">\n\t\t\t\t\t\t<section class=\"elementor-section elementor-top-section elementor-element elementor-element-24b79df5 elementor-section-full_width elementor-section-height-default elementor-section-height-default\" data-id=\"24b79df5\" data-element_type=\"section\" data-settings=\"{&quot;background_background&quot;:&quot;classic&quot;}\">\n\t\t\t\t\t\t<div class=\"elementor-container elementor-column-gap-no\">\n\t\t\t\t\t<div class=\"elementor-column elementor-col-100 elementor-top-column elementor-element elementor-element-16b665f1\" data-id=\"16b665f1\" data-element_type=\"column\">\n\t\t\t<div class=\"elementor-widget-wrap elementor-element-populated\">\n\t\t\t\t\t\t<section class=\"elementor-section elementor-inner-section elementor-element elementor-element-272945df elementor-section-boxed elementor-section-height-default elementor-section-height-default\" data-id=\"272945df\" data-element_type=\"section\">\n\t\t\t\t\t\t<div class=\"elementor-container elementor-column-gap-default\">\n\t\t\t\t\t<div class=\"elementor-column elementor-col-100 elementor-inner-column elementor-element elementor-element-3e125b2f\" data-id=\"3e125b2f\" data-element_type=\"column\">\n\t\t\t<div class=\"elementor-widget-wrap elementor-element-populated\">\n\t\t\t\t\t\t<div class=\"elementor-element elementor-element-42b35bef iteck-color elementor-widget elementor-widget-iteck-heading\" data-id=\"42b35bef\" data-element_type=\"widget\" data-widget_type=\"iteck-heading.default\">\n\t\t\t\t<div class=\"elementor-widget-container\">\n\t\t\t\t\t<h1 class=\"iteck-heading iteck-underline-color\">Ak\u0131nsoft <span>HotSpot Entegrasyonu<\/span><\/h1>\t\t\t\t<\/div>\n\t\t\t\t<\/div>\n\t\t\t\t\t<\/div>\n\t\t<\/div>\n\t\t\t\t\t<\/div>\n\t\t<\/section>\n\t\t\t\t\t<\/div>\n\t\t<\/div>\n\t\t\t\t\t<\/div>\n\t\t<\/section>\n\t\t\t\t<section class=\"elementor-section elementor-top-section elementor-element elementor-element-74f7d5f7 elementor-reverse-mobile elementor-section-boxed elementor-section-height-default elementor-section-height-default\" data-id=\"74f7d5f7\" data-element_type=\"section\">\n\t\t\t\t\t\t<div class=\"elementor-container elementor-column-gap-default\">\n\t\t\t\t\t<div class=\"elementor-column elementor-col-33 elementor-top-column elementor-element elementor-element-7457fa84\" data-id=\"7457fa84\" data-element_type=\"column\">\n\t\t\t<div class=\"elementor-widget-wrap elementor-element-populated\">\n\t\t\t\t\t\t<section class=\"elementor-section elementor-inner-section elementor-element elementor-element-1f6021ab elementor-section-boxed elementor-section-height-default elementor-section-height-default\" data-id=\"1f6021ab\" data-element_type=\"section\">\n\t\t\t\t\t\t<div class=\"elementor-container elementor-column-gap-default\">\n\t\t\t\t\t<div class=\"elementor-column elementor-col-100 elementor-inner-column elementor-element elementor-element-331183b2\" data-id=\"331183b2\" data-element_type=\"column\">\n\t\t\t<div class=\"elementor-widget-wrap elementor-element-populated\">\n\t\t\t\t\t\t<div class=\"elementor-element elementor-element-1d5cda1e elementor-widget elementor-widget-iteck-heading\" data-id=\"1d5cda1e\" data-element_type=\"widget\" data-widget_type=\"iteck-heading.default\">\n\t\t\t\t<div class=\"elementor-widget-container\">\n\t\t\t\t\t<h5 class=\"iteck-heading\">Entegrasyon Se\u00e7enekleri<\/h5>\t\t\t\t<\/div>\n\t\t\t\t<\/div>\n\t\t\t\t<div class=\"elementor-element elementor-element-69459550 elementor-align-left elementor-widget elementor-widget-iteck-button\" data-id=\"69459550\" data-element_type=\"widget\" data-widget_type=\"iteck-button.default\">\n\t\t\t\t<div class=\"elementor-widget-container\">\n\t\t\t\t\t\r\n\t\t<a href=\"\/hotspot\/akinsoft-entegrasyonu\/\"  class=\"iteck-button \">\r\n\t\t\t<span class=\"iteck-button-content-wrapper\">\r\n\t\t\t\t\t\t\t\t\t<span class=\"iteck-button-icon iteck-align-icon-left hover-animation-none\">\r\n\t\t\t\t\t\t<i aria-hidden=\"true\" class=\"fas fa-angle-right\"><\/i>\t\t\t\t\t<\/span>\r\n\t\t\t\t\t\t\t\t<span class=\"iteck-button-text\">\r\n\t\t\t\t\tAk\u0131nsoft Hotspot Entegrasyonu\t\t\t\t<\/span>\r\n\t\t\t\t\t\t\t<\/span>\r\n\t\t<\/a>\r\n\r\n\t\t\t\t<\/div>\n\t\t\t\t<\/div>\n\t\t\t\t<div class=\"elementor-element elementor-element-12237c0b elementor-align-left elementor-widget elementor-widget-iteck-button\" data-id=\"12237c0b\" data-element_type=\"widget\" data-widget_type=\"iteck-button.default\">\n\t\t\t\t<div class=\"elementor-widget-container\">\n\t\t\t\t\t\r\n\t\t<a href=\"\/hotspot\/amonra-entegrasyonu\/\"  class=\"iteck-button \">\r\n\t\t\t<span class=\"iteck-button-content-wrapper\">\r\n\t\t\t\t\t\t\t\t\t<span class=\"iteck-button-icon iteck-align-icon-left hover-animation-none\">\r\n\t\t\t\t\t\t<i aria-hidden=\"true\" class=\"fas fa-angle-right\"><\/i>\t\t\t\t\t<\/span>\r\n\t\t\t\t\t\t\t\t<span class=\"iteck-button-text\">\r\n\t\t\t\t\tAmonRa Hotspot Entegrasyonu\t\t\t\t<\/span>\r\n\t\t\t\t\t\t\t<\/span>\r\n\t\t<\/a>\r\n\r\n\t\t\t\t<\/div>\n\t\t\t\t<\/div>\n\t\t\t\t<div class=\"elementor-element elementor-element-1393fd8c elementor-align-left elementor-widget elementor-widget-iteck-button\" data-id=\"1393fd8c\" data-element_type=\"widget\" data-widget_type=\"iteck-button.default\">\n\t\t\t\t<div class=\"elementor-widget-container\">\n\t\t\t\t\t\r\n\t\t<a href=\"\/hotspot\/asyasoft-entegrasyonu\/\"  class=\"iteck-button \">\r\n\t\t\t<span class=\"iteck-button-content-wrapper\">\r\n\t\t\t\t\t\t\t\t\t<span class=\"iteck-button-icon iteck-align-icon-left hover-animation-none\">\r\n\t\t\t\t\t\t<i aria-hidden=\"true\" class=\"fas fa-angle-right\"><\/i>\t\t\t\t\t<\/span>\r\n\t\t\t\t\t\t\t\t<span class=\"iteck-button-text\">\r\n\t\t\t\t\tAsyasoft Hotspot Entegrasyonu\t\t\t\t<\/span>\r\n\t\t\t\t\t\t\t<\/span>\r\n\t\t<\/a>\r\n\r\n\t\t\t\t<\/div>\n\t\t\t\t<\/div>\n\t\t\t\t<div class=\"elementor-element elementor-element-16512a28 elementor-align-left elementor-widget elementor-widget-iteck-button\" data-id=\"16512a28\" data-element_type=\"widget\" data-widget_type=\"iteck-button.default\">\n\t\t\t\t<div class=\"elementor-widget-container\">\n\t\t\t\t\t\r\n\t\t<a href=\"\/hotspot\/athena-entegrasyonu\/\"  class=\"iteck-button \">\r\n\t\t\t<span class=\"iteck-button-content-wrapper\">\r\n\t\t\t\t\t\t\t\t\t<span class=\"iteck-button-icon iteck-align-icon-left hover-animation-none\">\r\n\t\t\t\t\t\t<i aria-hidden=\"true\" class=\"fas fa-angle-right\"><\/i>\t\t\t\t\t<\/span>\r\n\t\t\t\t\t\t\t\t<span class=\"iteck-button-text\">\r\n\t\t\t\t\tAthena Hotspot Entegrasyonu\t\t\t\t<\/span>\r\n\t\t\t\t\t\t\t<\/span>\r\n\t\t<\/a>\r\n\r\n\t\t\t\t<\/div>\n\t\t\t\t<\/div>\n\t\t\t\t<div class=\"elementor-element elementor-element-4acaa2db elementor-align-left elementor-widget elementor-widget-iteck-button\" data-id=\"4acaa2db\" data-element_type=\"widget\" data-widget_type=\"iteck-button.default\">\n\t\t\t\t<div class=\"elementor-widget-container\">\n\t\t\t\t\t\r\n\t\t<a href=\"\/hotspot\/bilnex-entegrasyonu\/\"  class=\"iteck-button \">\r\n\t\t\t<span class=\"iteck-button-content-wrapper\">\r\n\t\t\t\t\t\t\t\t\t<span class=\"iteck-button-icon iteck-align-icon-left hover-animation-none\">\r\n\t\t\t\t\t\t<i aria-hidden=\"true\" class=\"fas fa-angle-right\"><\/i>\t\t\t\t\t<\/span>\r\n\t\t\t\t\t\t\t\t<span class=\"iteck-button-text\">\r\n\t\t\t\t\tBilnex Hotspot Entegrasyonu\t\t\t\t<\/span>\r\n\t\t\t\t\t\t\t<\/span>\r\n\t\t<\/a>\r\n\r\n\t\t\t\t<\/div>\n\t\t\t\t<\/div>\n\t\t\t\t<div class=\"elementor-element elementor-element-8885268 elementor-align-left elementor-widget elementor-widget-iteck-button\" data-id=\"8885268\" data-element_type=\"widget\" data-widget_type=\"iteck-button.default\">\n\t\t\t\t<div class=\"elementor-widget-container\">\n\t\t\t\t\t\r\n\t\t<a href=\"\/hotspot\/elektra-entegrasyonu\/\"  class=\"iteck-button \">\r\n\t\t\t<span class=\"iteck-button-content-wrapper\">\r\n\t\t\t\t\t\t\t\t\t<span class=\"iteck-button-icon iteck-align-icon-left hover-animation-none\">\r\n\t\t\t\t\t\t<i aria-hidden=\"true\" class=\"fas fa-angle-right\"><\/i>\t\t\t\t\t<\/span>\r\n\t\t\t\t\t\t\t\t<span class=\"iteck-button-text\">\r\n\t\t\t\t\tElektra Hotspot Entegrasyonu\t\t\t\t<\/span>\r\n\t\t\t\t\t\t\t<\/span>\r\n\t\t<\/a>\r\n\r\n\t\t\t\t<\/div>\n\t\t\t\t<\/div>\n\t\t\t\t<div class=\"elementor-element elementor-element-e9260b9 elementor-align-left elementor-widget elementor-widget-iteck-button\" data-id=\"e9260b9\" data-element_type=\"widget\" data-widget_type=\"iteck-button.default\">\n\t\t\t\t<div class=\"elementor-widget-container\">\n\t\t\t\t\t\r\n\t\t<a href=\"\/hotspot\/micros-fidelio-suite8-entegrasyonu\/\"  class=\"iteck-button \">\r\n\t\t\t<span class=\"iteck-button-content-wrapper\">\r\n\t\t\t\t\t\t\t\t\t<span class=\"iteck-button-icon iteck-align-icon-left hover-animation-none\">\r\n\t\t\t\t\t\t<i aria-hidden=\"true\" class=\"fas fa-angle-right\"><\/i>\t\t\t\t\t<\/span>\r\n\t\t\t\t\t\t\t\t<span class=\"iteck-button-text\">\r\n\t\t\t\t\tFidelio Suite8 Hotspot Entegrasyonu\t\t\t\t<\/span>\r\n\t\t\t\t\t\t\t<\/span>\r\n\t\t<\/a>\r\n\r\n\t\t\t\t<\/div>\n\t\t\t\t<\/div>\n\t\t\t\t<div class=\"elementor-element elementor-element-7bbba2ac elementor-align-left elementor-widget elementor-widget-iteck-button\" data-id=\"7bbba2ac\" data-element_type=\"widget\" data-widget_type=\"iteck-button.default\">\n\t\t\t\t<div class=\"elementor-widget-container\">\n\t\t\t\t\t\r\n\t\t<a href=\"\/hotspot\/opera-entegrasyonu\/\"  class=\"iteck-button \">\r\n\t\t\t<span class=\"iteck-button-content-wrapper\">\r\n\t\t\t\t\t\t\t\t\t<span class=\"iteck-button-icon iteck-align-icon-left hover-animation-none\">\r\n\t\t\t\t\t\t<i aria-hidden=\"true\" class=\"fas fa-angle-right\"><\/i>\t\t\t\t\t<\/span>\r\n\t\t\t\t\t\t\t\t<span class=\"iteck-button-text\">\r\n\t\t\t\t\tOpera Hotspot Entegrasyonu\t\t\t\t<\/span>\r\n\t\t\t\t\t\t\t<\/span>\r\n\t\t<\/a>\r\n\r\n\t\t\t\t<\/div>\n\t\t\t\t<\/div>\n\t\t\t\t<div class=\"elementor-element elementor-element-474002c2 elementor-align-left elementor-widget elementor-widget-iteck-button\" data-id=\"474002c2\" data-element_type=\"widget\" data-widget_type=\"iteck-button.default\">\n\t\t\t\t<div class=\"elementor-widget-container\">\n\t\t\t\t\t\r\n\t\t<a href=\"\/hotspot\/rmos-entegrasyonu\/\"  class=\"iteck-button \">\r\n\t\t\t<span class=\"iteck-button-content-wrapper\">\r\n\t\t\t\t\t\t\t\t\t<span class=\"iteck-button-icon iteck-align-icon-left hover-animation-none\">\r\n\t\t\t\t\t\t<i aria-hidden=\"true\" class=\"fas fa-angle-right\"><\/i>\t\t\t\t\t<\/span>\r\n\t\t\t\t\t\t\t\t<span class=\"iteck-button-text\">\r\n\t\t\t\t\tRmos Hotspot Entegrasyonu\t\t\t\t<\/span>\r\n\t\t\t\t\t\t\t<\/span>\r\n\t\t<\/a>\r\n\r\n\t\t\t\t<\/div>\n\t\t\t\t<\/div>\n\t\t\t\t<div class=\"elementor-element elementor-element-403bdd24 elementor-align-left elementor-widget elementor-widget-iteck-button\" data-id=\"403bdd24\" data-element_type=\"widget\" data-widget_type=\"iteck-button.default\">\n\t\t\t\t<div class=\"elementor-widget-container\">\n\t\t\t\t\t\r\n\t\t<a href=\"\/hotspot\/sedna-entegrasyonu\/\"  class=\"iteck-button \">\r\n\t\t\t<span class=\"iteck-button-content-wrapper\">\r\n\t\t\t\t\t\t\t\t\t<span class=\"iteck-button-icon iteck-align-icon-left hover-animation-none\">\r\n\t\t\t\t\t\t<i aria-hidden=\"true\" class=\"fas fa-angle-right\"><\/i>\t\t\t\t\t<\/span>\r\n\t\t\t\t\t\t\t\t<span class=\"iteck-button-text\">\r\n\t\t\t\t\tSedna Hotspot Entegrasyonu\t\t\t\t<\/span>\r\n\t\t\t\t\t\t\t<\/span>\r\n\t\t<\/a>\r\n\r\n\t\t\t\t<\/div>\n\t\t\t\t<\/div>\n\t\t\t\t\t<\/div>\n\t\t<\/div>\n\t\t\t\t\t<\/div>\n\t\t<\/section>\n\t\t\t\t<section class=\"elementor-section elementor-inner-section elementor-element elementor-element-59a8fd6d elementor-section-boxed elementor-section-height-default elementor-section-height-default\" data-id=\"59a8fd6d\" data-element_type=\"section\">\n\t\t\t\t\t\t<div class=\"elementor-container elementor-column-gap-default\">\n\t\t\t\t\t<div class=\"elementor-column elementor-col-100 elementor-inner-column elementor-element elementor-element-541b4a5d\" data-id=\"541b4a5d\" data-element_type=\"column\" data-settings=\"{&quot;background_background&quot;:&quot;classic&quot;}\">\n\t\t\t<div class=\"elementor-widget-wrap elementor-element-populated\">\n\t\t\t\t\t\t<div class=\"elementor-element elementor-element-44aa6f8f elementor-widget elementor-widget-iteck-heading\" data-id=\"44aa6f8f\" data-element_type=\"widget\" data-widget_type=\"iteck-heading.default\">\n\t\t\t\t<div class=\"elementor-widget-container\">\n\t\t\t\t\t<h6 class=\"iteck-heading\">Hemen Aray\u0131n<\/h6>\t\t\t\t<\/div>\n\t\t\t\t<\/div>\n\t\t\t\t<div class=\"elementor-element elementor-element-31fa48fc elementor-widget elementor-widget-iteck-heading\" data-id=\"31fa48fc\" data-element_type=\"widget\" data-widget_type=\"iteck-heading.default\">\n\t\t\t\t<div class=\"elementor-widget-container\">\n\t\t\t\t\t<h3 class=\"iteck-heading\">Entegrasyon Talebi \u0130\u00e7in<\/h3>\t\t\t\t<\/div>\n\t\t\t\t<\/div>\n\t\t\t\t<div class=\"elementor-element elementor-element-c5e8ae6 elementor-align-center elementor-widget elementor-widget-iteck-button\" data-id=\"c5e8ae6\" data-element_type=\"widget\" data-widget_type=\"iteck-button.default\">\n\t\t\t\t<div class=\"elementor-widget-container\">\n\t\t\t\t\t\r\n\t\t<a href=\"\/hotspot\/iletisim\/\"  class=\"iteck-button \">\r\n\t\t\t<span class=\"iteck-button-content-wrapper\">\r\n\t\t\t\t\t\t\t\t<span class=\"iteck-button-text\">\r\n\t\t\t\t\tBize Ula\u015f\u0131n\t\t\t\t<\/span>\r\n\t\t\t\t\t\t\t\t\t<span class=\"iteck-button-icon iteck-align-icon-right hover-animation-none\">\r\n\t\t\t\t\t\t\t\t\t\t\t<\/span>\r\n\t\t\t\t\t\t\t<\/span>\r\n\t\t<\/a>\r\n\r\n\t\t\t\t<\/div>\n\t\t\t\t<\/div>\n\t\t\t\t<div class=\"elementor-element elementor-element-6f12c431 elementor-widget__width-initial elementor-absolute elementor-widget elementor-widget-image\" data-id=\"6f12c431\" data-element_type=\"widget\" data-settings=\"{&quot;_position&quot;:&quot;absolute&quot;}\" data-widget_type=\"image.default\">\n\t\t\t\t<div class=\"elementor-widget-container\">\n\t\t\t\t\t\t\t\t\t\t\t\t\t\t\t<img decoding=\"async\" src=\"https:\/\/soly.net.tr\/hotspot\/wp-content\/uploads\/2023\/01\/mobil.png\" title=\"mobil\" alt=\"mobil\" loading=\"lazy\" \/>\t\t\t\t\t\t\t\t\t\t\t\t\t\t\t<\/div>\n\t\t\t\t<\/div>\n\t\t\t\t\t<\/div>\n\t\t<\/div>\n\t\t\t\t\t<\/div>\n\t\t<\/section>\n\t\t\t\t\t<\/div>\n\t\t<\/div>\n\t\t\t\t<div class=\"elementor-column elementor-col-66 elementor-top-column elementor-element elementor-element-57310dfe\" data-id=\"57310dfe\" data-element_type=\"column\">\n\t\t\t<div class=\"elementor-widget-wrap elementor-element-populated\">\n\t\t\t\t\t\t<div class=\"elementor-element elementor-element-10dff822 elementor-widget elementor-widget-image\" data-id=\"10dff822\" data-element_type=\"widget\" data-widget_type=\"image.default\">\n\t\t\t\t<div class=\"elementor-widget-container\">\n\t\t\t\t\t\t\t\t\t\t\t\t\t\t\t<img fetchpriority=\"high\" decoding=\"async\" width=\"800\" height=\"500\" src=\"https:\/\/soly.net.tr\/hotspot\/wp-content\/uploads\/2023\/01\/akinsoft-hotspot-entegrasyon.webp\" class=\"attachment-full size-full wp-image-5978\" alt=\"\" \/>\t\t\t\t\t\t\t\t\t\t\t\t\t\t\t<\/div>\n\t\t\t\t<\/div>\n\t\t\t\t<div class=\"elementor-element elementor-element-2bc57daf elementor-widget elementor-widget-iteck-heading\" data-id=\"2bc57daf\" data-element_type=\"widget\" data-widget_type=\"iteck-heading.default\">\n\t\t\t\t<div class=\"elementor-widget-container\">\n\t\t\t\t\t<h2 class=\"iteck-heading\">Neden Hotspot Entegrasyon?<\/h2>\t\t\t\t<\/div>\n\t\t\t\t<\/div>\n\t\t\t\t<div class=\"elementor-element elementor-element-ea74270 elementor-widget elementor-widget-iteck-text-editor\" data-id=\"ea74270\" data-element_type=\"widget\" data-widget_type=\"iteck-text-editor.default\">\n\t\t\t\t<div class=\"elementor-widget-container\">\n\t\t\t\t\t\t\t\t\t\t<div class=\"elementor-text-editor elementor-clearfix\">\r\n\t\t\t\t<p>Yaz\u0131l\u0131m entegrasyonlar\u0131, geli\u015fen cloud (bulut) teknolojilerle beraber geli\u015fmi\u015f sistemler i\u00e7in olduk\u00e7a \u00f6nemli bir yere sahip olmu\u015ftur.<\/p><p>Soly Hotspot cloud (bulut tabanl\u0131) hotspot sistemi ile kesintisiz ve sorunsuz \u00e7al\u0131\u015facak entegrasyon sistemimizi i\u015fletmenizi daha verimli hale getirmek i\u00e7in hizmetinize sunuyoruz. \u0130\u015fletme yaz\u0131l\u0131m\u0131n\u0131z i\u00e7in gereken entegrasyon i\u015flemini, kodlama bilgisi gerekmeden hotspot panelinizden kolayca aktif edebilirsiniz. Hotspot paneli \u00fczerinde yaz\u0131l\u0131m\u0131n\u0131z\u0131n durumu g\u00f6rebilir ve aksakl\u0131k durumunda an\u0131nda bildirim alabilirsiniz.<\/p>\t\t\t\t\t<\/div>\r\n\t\t\t\t\t\t\t\t<\/div>\n\t\t\t\t<\/div>\n\t\t\t\t<div class=\"elementor-element elementor-element-95eeefd elementor-widget elementor-widget-iteck-text-editor\" data-id=\"95eeefd\" data-element_type=\"widget\" data-widget_type=\"iteck-text-editor.default\">\n\t\t\t\t<div class=\"elementor-widget-container\">\n\t\t\t\t\t\t\t\t\t\t<div class=\"elementor-text-editor elementor-clearfix\">\r\n\t\t\t\t<p>\u0130\u015fletmenizde kulland\u0131\u011f\u0131n\u0131z Ak\u0131nsoft yaz\u0131l\u0131m\u0131n\u0131n Soly Hotspot sistemiyle entegrasyon i\u015flemlerini en do\u011fru teknolojileri analiz ederek yap\u0131yoruz. Hotspot sistemi ve Ak\u0131nsoft yaz\u0131l\u0131m\u0131 ile do\u011frudan entegrasyon kurarak misafirlerinizin kimliklerini do\u011frulayarak onlara g\u00fcvenli internet hizmeti sunabilirsiniz.<\/p><p>Soly Hotspot ile misafirlerinize\u202fkesintisiz internet hizmeti sa\u011flayabilirsiniz. Yaz\u0131l\u0131m\u0131n\u0131z\u202file\u202fentegre \u00e7al\u0131\u015farak verilerinizi otomatik e\u015fitleyebilir ve ayr\u0131ca detayl\u0131 raporlama yapabilirsiniz.<\/p>\t\t\t\t\t<\/div>\r\n\t\t\t\t\t\t\t\t<\/div>\n\t\t\t\t<\/div>\n\t\t\t\t<div class=\"elementor-element elementor-element-25646367 elementor-position-left iteck-icon-box-vertical-align-middle elementor-view-default elementor-widget elementor-widget-iteck-icon-box\" data-id=\"25646367\" data-element_type=\"widget\" data-widget_type=\"iteck-icon-box.default\">\n\t\t\t\t<div class=\"elementor-widget-container\">\n\t\t\t\t\t\t\t<div class=\"iteck-icon-box position-left elementor-icon-box-wrapper\">\r\n\t\t\t\t\t\t<div class=\"elementor-icon-box-icon\">\r\n\t\t\t\t<span class=\"elementor-icon elementor-animation-\" >\r\n\t\t\t\t<i aria-hidden=\"true\" class=\"fas fa-check-circle\"><\/i>\t\t\t\t\t\t\t\t\t\t\t\t<\/span>\r\n\t\t\t<\/div>\r\n\t\t\t\t\t\t<div class=\"elementor-icon-box-content\">\r\n\t\t\t\t<p class=\"elementor-icon-box-title\">\r\n\t\t\t\t\t<span  >\r\n\t\t\t\t\t\t\t\t\t\t\t<\/span>\r\n\t\t\t\t<\/p>\r\n\t\t\t\t\t\t\t\t\t<p class=\"elementor-icon-box-description\">\r\n\t\t\t\t\t\tSoly Hotspot ile s\u0131n\u0131rlar\u0131 kald\u0131r\u0131n\t\t\t\t\t<\/p>\r\n\t\t\t\t\t\t\t<\/div>\r\n\t\t\t\t\t<\/div>\r\n\t\t\t\t\t\t<\/div>\n\t\t\t\t<\/div>\n\t\t\t\t<div class=\"elementor-element elementor-element-76d51e2c elementor-position-left iteck-icon-box-vertical-align-middle elementor-view-default elementor-widget elementor-widget-iteck-icon-box\" data-id=\"76d51e2c\" data-element_type=\"widget\" data-widget_type=\"iteck-icon-box.default\">\n\t\t\t\t<div class=\"elementor-widget-container\">\n\t\t\t\t\t\t\t<div class=\"iteck-icon-box position-left elementor-icon-box-wrapper\">\r\n\t\t\t\t\t\t<div class=\"elementor-icon-box-icon\">\r\n\t\t\t\t<span class=\"elementor-icon elementor-animation-\" >\r\n\t\t\t\t<i aria-hidden=\"true\" class=\"fas fa-check-circle\"><\/i>\t\t\t\t\t\t\t\t\t\t\t\t<\/span>\r\n\t\t\t<\/div>\r\n\t\t\t\t\t\t<div class=\"elementor-icon-box-content\">\r\n\t\t\t\t<p class=\"elementor-icon-box-title\">\r\n\t\t\t\t\t<span  >\r\n\t\t\t\t\t\t\t\t\t\t\t<\/span>\r\n\t\t\t\t<\/p>\r\n\t\t\t\t\t\t\t\t\t<p class=\"elementor-icon-box-description\">\r\n\t\t\t\t\t\tEntegre hotspot \u00e7\u00f6z\u00fcmlerimiz ile i\u015fletmenize de\u011fer kat\u0131n\t\t\t\t\t<\/p>\r\n\t\t\t\t\t\t\t<\/div>\r\n\t\t\t\t\t<\/div>\r\n\t\t\t\t\t\t<\/div>\n\t\t\t\t<\/div>\n\t\t\t\t\t<\/div>\n\t\t<\/div>\n\t\t\t\t\t<\/div>\n\t\t<\/section>\n\t\t\t\t<\/div>\n\t\t","protected":false},"excerpt":{"rendered":"<p>Ak\u0131nsoft HotSpot Entegrasyonu Entegrasyon Se\u00e7enekleri Ak\u0131nsoft Hotspot Entegrasyonu AmonRa Hotspot Entegrasyonu Asyasoft Hotspot Entegrasyonu Athena Hotspot Entegrasyonu Bilnex Hotspot Entegrasyonu Elektra Hotspot Entegrasyonu Fidelio Suite8 Hotspot Entegrasyonu Opera Hotspot Entegrasyonu Rmos Hotspot Entegrasyonu Sedna Hotspot Entegrasyonu Hemen Aray\u0131n Entegrasyon Talebi \u0130\u00e7in Bize Ula\u015f\u0131n Neden Hotspot Entegrasyon? Yaz\u0131l\u0131m entegrasyonlar\u0131, geli\u015fen cloud (bulut) teknolojilerle beraber geli\u015fmi\u015f sistemler i\u00e7in olduk\u00e7a \u00f6nemli bir yere &hellip;<\/p>\n","protected":false},"author":2,"featured_media":0,"parent":0,"menu_order":0,"comment_status":"closed","ping_status":"closed","template":"blank-builder.php","meta":{"footnotes":""},"class_list":["post-5972","page","type-page","status-publish","hentry"],"_links":{"self":[{"href":"https:\/\/soly.net.tr\/hotspot\/wp-json\/wp\/v2\/pages\/5972","targetHints":{"allow":["GET"]}}],"collection":[{"href":"https:\/\/soly.net.tr\/hotspot\/wp-json\/wp\/v2\/pages"}],"about":[{"href":"https:\/\/soly.net.tr\/hotspot\/wp-json\/wp\/v2\/types\/page"}],"author":[{"embeddable":true,"href":"https:\/\/soly.net.tr\/hotspot\/wp-json\/wp\/v2\/users\/2"}],"replies":[{"embeddable":true,"href":"https:\/\/soly.net.tr\/hotspot\/wp-json\/wp\/v2\/comments?post=5972"}],"version-history":[{"count":0,"href":"https:\/\/soly.net.tr\/hotspot\/wp-json\/wp\/v2\/pages\/5972\/revisions"}],"wp:attachment":[{"href":"https:\/\/soly.net.tr\/hotspot\/wp-json\/wp\/v2\/media?parent=5972"}],"curies":[{"name":"wp","href":"https:\/\/api.w.org\/{rel}","templated":true}]}}