{"id":6200,"date":"2023-01-12T08:58:38","date_gmt":"2023-01-12T05:58:38","guid":{"rendered":"https:\/\/soly.net.tr\/hotspot\/?page_id=6200"},"modified":"2023-04-06T20:34:48","modified_gmt":"2023-04-06T17:34:48","slug":"rmos-entegrasyonu","status":"publish","type":"page","link":"https:\/\/soly.net.tr\/hotspot\/rmos-entegrasyonu\/","title":{"rendered":"Rmos Entegrasyonu"},"content":{"rendered":"\t\t<div data-elementor-type=\"wp-page\" data-elementor-id=\"6200\" class=\"elementor elementor-6200\">\n\t\t\t\t\t\t<section class=\"elementor-section elementor-top-section elementor-element elementor-element-b9f9d81 elementor-section-full_width elementor-section-height-default elementor-section-height-default\" data-id=\"b9f9d81\" data-element_type=\"section\" data-settings=\"{&quot;background_background&quot;:&quot;classic&quot;}\">\n\t\t\t\t\t\t<div class=\"elementor-container elementor-column-gap-no\">\n\t\t\t\t\t<div class=\"elementor-column elementor-col-100 elementor-top-column elementor-element elementor-element-2a78a82f\" data-id=\"2a78a82f\" data-element_type=\"column\">\n\t\t\t<div class=\"elementor-widget-wrap elementor-element-populated\">\n\t\t\t\t\t\t<section class=\"elementor-section elementor-inner-section elementor-element elementor-element-18d636c0 elementor-section-boxed elementor-section-height-default elementor-section-height-default\" data-id=\"18d636c0\" data-element_type=\"section\">\n\t\t\t\t\t\t<div class=\"elementor-container elementor-column-gap-default\">\n\t\t\t\t\t<div class=\"elementor-column elementor-col-100 elementor-inner-column elementor-element elementor-element-655cf763\" data-id=\"655cf763\" data-element_type=\"column\">\n\t\t\t<div class=\"elementor-widget-wrap elementor-element-populated\">\n\t\t\t\t\t\t<div class=\"elementor-element elementor-element-78d7ae30 iteck-color elementor-widget elementor-widget-iteck-heading\" data-id=\"78d7ae30\" data-element_type=\"widget\" data-widget_type=\"iteck-heading.default\">\n\t\t\t\t<div class=\"elementor-widget-container\">\n\t\t\t\t\t<h1 class=\"iteck-heading iteck-underline-color\">Rmos <span>HotSpot Entegrasyonu<\/span><\/h1>\t\t\t\t<\/div>\n\t\t\t\t<\/div>\n\t\t\t\t\t<\/div>\n\t\t<\/div>\n\t\t\t\t\t<\/div>\n\t\t<\/section>\n\t\t\t\t\t<\/div>\n\t\t<\/div>\n\t\t\t\t\t<\/div>\n\t\t<\/section>\n\t\t\t\t<section class=\"elementor-section elementor-top-section elementor-element elementor-element-26800adb elementor-reverse-mobile elementor-section-boxed elementor-section-height-default elementor-section-height-default\" data-id=\"26800adb\" data-element_type=\"section\">\n\t\t\t\t\t\t<div class=\"elementor-container elementor-column-gap-default\">\n\t\t\t\t\t<div class=\"elementor-column elementor-col-33 elementor-top-column elementor-element elementor-element-619d8c64\" data-id=\"619d8c64\" data-element_type=\"column\">\n\t\t\t<div class=\"elementor-widget-wrap elementor-element-populated\">\n\t\t\t\t\t\t<section class=\"elementor-section elementor-inner-section elementor-element elementor-element-13596a10 elementor-section-boxed elementor-section-height-default elementor-section-height-default\" data-id=\"13596a10\" data-element_type=\"section\">\n\t\t\t\t\t\t<div class=\"elementor-container elementor-column-gap-default\">\n\t\t\t\t\t<div class=\"elementor-column elementor-col-100 elementor-inner-column elementor-element elementor-element-24433eb0\" data-id=\"24433eb0\" data-element_type=\"column\">\n\t\t\t<div class=\"elementor-widget-wrap elementor-element-populated\">\n\t\t\t\t\t\t<div class=\"elementor-element elementor-element-5dc64388 elementor-widget elementor-widget-iteck-heading\" data-id=\"5dc64388\" data-element_type=\"widget\" data-widget_type=\"iteck-heading.default\">\n\t\t\t\t<div class=\"elementor-widget-container\">\n\t\t\t\t\t<h5 class=\"iteck-heading\">Entegrasyon Se\u00e7enekleri<\/h5>\t\t\t\t<\/div>\n\t\t\t\t<\/div>\n\t\t\t\t<div class=\"elementor-element elementor-element-3032f208 elementor-align-left elementor-widget elementor-widget-iteck-button\" data-id=\"3032f208\" data-element_type=\"widget\" data-widget_type=\"iteck-button.default\">\n\t\t\t\t<div class=\"elementor-widget-container\">\n\t\t\t\t\t\r\n\t\t<a href=\"\/hotspot\/akinsoft-entegrasyonu\/\"  class=\"iteck-button \">\r\n\t\t\t<span class=\"iteck-button-content-wrapper\">\r\n\t\t\t\t\t\t\t\t\t<span class=\"iteck-button-icon iteck-align-icon-left hover-animation-none\">\r\n\t\t\t\t\t\t<i aria-hidden=\"true\" class=\"fas fa-angle-right\"><\/i>\t\t\t\t\t<\/span>\r\n\t\t\t\t\t\t\t\t<span class=\"iteck-button-text\">\r\n\t\t\t\t\tAk\u0131nsoft Hotspot Entegrasyonu\t\t\t\t<\/span>\r\n\t\t\t\t\t\t\t<\/span>\r\n\t\t<\/a>\r\n\r\n\t\t\t\t<\/div>\n\t\t\t\t<\/div>\n\t\t\t\t<div class=\"elementor-element elementor-element-32367eb4 elementor-align-left elementor-widget elementor-widget-iteck-button\" data-id=\"32367eb4\" data-element_type=\"widget\" data-widget_type=\"iteck-button.default\">\n\t\t\t\t<div class=\"elementor-widget-container\">\n\t\t\t\t\t\r\n\t\t<a href=\"\/hotspot\/amonra-entegrasyonu\/\"  class=\"iteck-button \">\r\n\t\t\t<span class=\"iteck-button-content-wrapper\">\r\n\t\t\t\t\t\t\t\t\t<span class=\"iteck-button-icon iteck-align-icon-left hover-animation-none\">\r\n\t\t\t\t\t\t<i aria-hidden=\"true\" class=\"fas fa-angle-right\"><\/i>\t\t\t\t\t<\/span>\r\n\t\t\t\t\t\t\t\t<span class=\"iteck-button-text\">\r\n\t\t\t\t\tAmonRa Hotspot Entegrasyonu\t\t\t\t<\/span>\r\n\t\t\t\t\t\t\t<\/span>\r\n\t\t<\/a>\r\n\r\n\t\t\t\t<\/div>\n\t\t\t\t<\/div>\n\t\t\t\t<div class=\"elementor-element elementor-element-44b0cc25 elementor-align-left elementor-widget elementor-widget-iteck-button\" data-id=\"44b0cc25\" data-element_type=\"widget\" data-widget_type=\"iteck-button.default\">\n\t\t\t\t<div class=\"elementor-widget-container\">\n\t\t\t\t\t\r\n\t\t<a href=\"\/hotspot\/asyasoft-entegrasyonu\/\"  class=\"iteck-button \">\r\n\t\t\t<span class=\"iteck-button-content-wrapper\">\r\n\t\t\t\t\t\t\t\t\t<span class=\"iteck-button-icon iteck-align-icon-left hover-animation-none\">\r\n\t\t\t\t\t\t<i aria-hidden=\"true\" class=\"fas fa-angle-right\"><\/i>\t\t\t\t\t<\/span>\r\n\t\t\t\t\t\t\t\t<span class=\"iteck-button-text\">\r\n\t\t\t\t\tAsyasoft Hotspot Entegrasyonu\t\t\t\t<\/span>\r\n\t\t\t\t\t\t\t<\/span>\r\n\t\t<\/a>\r\n\r\n\t\t\t\t<\/div>\n\t\t\t\t<\/div>\n\t\t\t\t<div class=\"elementor-element elementor-element-7ca5192e elementor-align-left elementor-widget elementor-widget-iteck-button\" data-id=\"7ca5192e\" data-element_type=\"widget\" data-widget_type=\"iteck-button.default\">\n\t\t\t\t<div class=\"elementor-widget-container\">\n\t\t\t\t\t\r\n\t\t<a href=\"\/hotspot\/athena-entegrasyonu\/\"  class=\"iteck-button \">\r\n\t\t\t<span class=\"iteck-button-content-wrapper\">\r\n\t\t\t\t\t\t\t\t\t<span class=\"iteck-button-icon iteck-align-icon-left hover-animation-none\">\r\n\t\t\t\t\t\t<i aria-hidden=\"true\" class=\"fas fa-angle-right\"><\/i>\t\t\t\t\t<\/span>\r\n\t\t\t\t\t\t\t\t<span class=\"iteck-button-text\">\r\n\t\t\t\t\tAthena Hotspot Entegrasyonu\t\t\t\t<\/span>\r\n\t\t\t\t\t\t\t<\/span>\r\n\t\t<\/a>\r\n\r\n\t\t\t\t<\/div>\n\t\t\t\t<\/div>\n\t\t\t\t<div class=\"elementor-element elementor-element-475f2342 elementor-align-left elementor-widget elementor-widget-iteck-button\" data-id=\"475f2342\" data-element_type=\"widget\" data-widget_type=\"iteck-button.default\">\n\t\t\t\t<div class=\"elementor-widget-container\">\n\t\t\t\t\t\r\n\t\t<a href=\"\/hotspot\/bilnex-entegrasyonu\/\"  class=\"iteck-button \">\r\n\t\t\t<span class=\"iteck-button-content-wrapper\">\r\n\t\t\t\t\t\t\t\t\t<span class=\"iteck-button-icon iteck-align-icon-left hover-animation-none\">\r\n\t\t\t\t\t\t<i aria-hidden=\"true\" class=\"fas fa-angle-right\"><\/i>\t\t\t\t\t<\/span>\r\n\t\t\t\t\t\t\t\t<span class=\"iteck-button-text\">\r\n\t\t\t\t\tBilnex Hotspot Entegrasyonu\t\t\t\t<\/span>\r\n\t\t\t\t\t\t\t<\/span>\r\n\t\t<\/a>\r\n\r\n\t\t\t\t<\/div>\n\t\t\t\t<\/div>\n\t\t\t\t<div class=\"elementor-element elementor-element-4cdded72 elementor-align-left elementor-widget elementor-widget-iteck-button\" data-id=\"4cdded72\" data-element_type=\"widget\" data-widget_type=\"iteck-button.default\">\n\t\t\t\t<div class=\"elementor-widget-container\">\n\t\t\t\t\t\r\n\t\t<a href=\"\/hotspot\/elektra-entegrasyonu\/\"  class=\"iteck-button \">\r\n\t\t\t<span class=\"iteck-button-content-wrapper\">\r\n\t\t\t\t\t\t\t\t\t<span class=\"iteck-button-icon iteck-align-icon-left hover-animation-none\">\r\n\t\t\t\t\t\t<i aria-hidden=\"true\" class=\"fas fa-angle-right\"><\/i>\t\t\t\t\t<\/span>\r\n\t\t\t\t\t\t\t\t<span class=\"iteck-button-text\">\r\n\t\t\t\t\tElektra Hotspot Entegrasyonu\t\t\t\t<\/span>\r\n\t\t\t\t\t\t\t<\/span>\r\n\t\t<\/a>\r\n\r\n\t\t\t\t<\/div>\n\t\t\t\t<\/div>\n\t\t\t\t<div class=\"elementor-element elementor-element-8921883 elementor-align-left elementor-widget elementor-widget-iteck-button\" data-id=\"8921883\" data-element_type=\"widget\" data-widget_type=\"iteck-button.default\">\n\t\t\t\t<div class=\"elementor-widget-container\">\n\t\t\t\t\t\r\n\t\t<a href=\"\/hotspot\/micros-fidelio-suite8-entegrasyonu\/\"  class=\"iteck-button \">\r\n\t\t\t<span class=\"iteck-button-content-wrapper\">\r\n\t\t\t\t\t\t\t\t\t<span class=\"iteck-button-icon iteck-align-icon-left hover-animation-none\">\r\n\t\t\t\t\t\t<i aria-hidden=\"true\" class=\"fas fa-angle-right\"><\/i>\t\t\t\t\t<\/span>\r\n\t\t\t\t\t\t\t\t<span class=\"iteck-button-text\">\r\n\t\t\t\t\tFidelio Suite8 Hotspot Entegrasyonu\t\t\t\t<\/span>\r\n\t\t\t\t\t\t\t<\/span>\r\n\t\t<\/a>\r\n\r\n\t\t\t\t<\/div>\n\t\t\t\t<\/div>\n\t\t\t\t<div class=\"elementor-element elementor-element-6d8b12ef elementor-align-left elementor-widget elementor-widget-iteck-button\" data-id=\"6d8b12ef\" data-element_type=\"widget\" data-widget_type=\"iteck-button.default\">\n\t\t\t\t<div class=\"elementor-widget-container\">\n\t\t\t\t\t\r\n\t\t<a href=\"\/hotspot\/opera-entegrasyonu\/\"  class=\"iteck-button \">\r\n\t\t\t<span class=\"iteck-button-content-wrapper\">\r\n\t\t\t\t\t\t\t\t\t<span class=\"iteck-button-icon iteck-align-icon-left hover-animation-none\">\r\n\t\t\t\t\t\t<i aria-hidden=\"true\" class=\"fas fa-angle-right\"><\/i>\t\t\t\t\t<\/span>\r\n\t\t\t\t\t\t\t\t<span class=\"iteck-button-text\">\r\n\t\t\t\t\tOpera Hotspot Entegrasyonu\t\t\t\t<\/span>\r\n\t\t\t\t\t\t\t<\/span>\r\n\t\t<\/a>\r\n\r\n\t\t\t\t<\/div>\n\t\t\t\t<\/div>\n\t\t\t\t<div class=\"elementor-element elementor-element-65292c4f elementor-align-left elementor-widget elementor-widget-iteck-button\" data-id=\"65292c4f\" data-element_type=\"widget\" data-widget_type=\"iteck-button.default\">\n\t\t\t\t<div class=\"elementor-widget-container\">\n\t\t\t\t\t\r\n\t\t<a href=\"\/hotspot\/rmos-entegrasyonu\/\"  class=\"iteck-button \">\r\n\t\t\t<span class=\"iteck-button-content-wrapper\">\r\n\t\t\t\t\t\t\t\t\t<span class=\"iteck-button-icon iteck-align-icon-left hover-animation-none\">\r\n\t\t\t\t\t\t<i aria-hidden=\"true\" class=\"fas fa-angle-right\"><\/i>\t\t\t\t\t<\/span>\r\n\t\t\t\t\t\t\t\t<span class=\"iteck-button-text\">\r\n\t\t\t\t\tRmos Hotspot Entegrasyonu\t\t\t\t<\/span>\r\n\t\t\t\t\t\t\t<\/span>\r\n\t\t<\/a>\r\n\r\n\t\t\t\t<\/div>\n\t\t\t\t<\/div>\n\t\t\t\t<div class=\"elementor-element elementor-element-5c5e4f25 elementor-align-left elementor-widget elementor-widget-iteck-button\" data-id=\"5c5e4f25\" data-element_type=\"widget\" data-widget_type=\"iteck-button.default\">\n\t\t\t\t<div class=\"elementor-widget-container\">\n\t\t\t\t\t\r\n\t\t<a href=\"\/hotspot\/sedna-entegrasyonu\/\"  class=\"iteck-button \">\r\n\t\t\t<span class=\"iteck-button-content-wrapper\">\r\n\t\t\t\t\t\t\t\t\t<span class=\"iteck-button-icon iteck-align-icon-left hover-animation-none\">\r\n\t\t\t\t\t\t<i aria-hidden=\"true\" class=\"fas fa-angle-right\"><\/i>\t\t\t\t\t<\/span>\r\n\t\t\t\t\t\t\t\t<span class=\"iteck-button-text\">\r\n\t\t\t\t\tSedna Hotspot Entegrasyonu\t\t\t\t<\/span>\r\n\t\t\t\t\t\t\t<\/span>\r\n\t\t<\/a>\r\n\r\n\t\t\t\t<\/div>\n\t\t\t\t<\/div>\n\t\t\t\t\t<\/div>\n\t\t<\/div>\n\t\t\t\t\t<\/div>\n\t\t<\/section>\n\t\t\t\t<section class=\"elementor-section elementor-inner-section elementor-element elementor-element-54a5e4f6 elementor-section-boxed elementor-section-height-default elementor-section-height-default\" data-id=\"54a5e4f6\" data-element_type=\"section\">\n\t\t\t\t\t\t<div class=\"elementor-container elementor-column-gap-default\">\n\t\t\t\t\t<div class=\"elementor-column elementor-col-100 elementor-inner-column elementor-element elementor-element-4a752e76\" data-id=\"4a752e76\" data-element_type=\"column\" data-settings=\"{&quot;background_background&quot;:&quot;classic&quot;}\">\n\t\t\t<div class=\"elementor-widget-wrap elementor-element-populated\">\n\t\t\t\t\t\t<div class=\"elementor-element elementor-element-7cff1dbb elementor-widget elementor-widget-iteck-heading\" data-id=\"7cff1dbb\" data-element_type=\"widget\" data-widget_type=\"iteck-heading.default\">\n\t\t\t\t<div class=\"elementor-widget-container\">\n\t\t\t\t\t<h6 class=\"iteck-heading\">Hemen Aray\u0131n<\/h6>\t\t\t\t<\/div>\n\t\t\t\t<\/div>\n\t\t\t\t<div class=\"elementor-element elementor-element-10f53b28 elementor-widget elementor-widget-iteck-heading\" data-id=\"10f53b28\" data-element_type=\"widget\" data-widget_type=\"iteck-heading.default\">\n\t\t\t\t<div class=\"elementor-widget-container\">\n\t\t\t\t\t<h3 class=\"iteck-heading\">Entegrasyon Talebi \u0130\u00e7in<\/h3>\t\t\t\t<\/div>\n\t\t\t\t<\/div>\n\t\t\t\t<div class=\"elementor-element elementor-element-1b415510 elementor-align-center elementor-widget elementor-widget-iteck-button\" data-id=\"1b415510\" data-element_type=\"widget\" data-widget_type=\"iteck-button.default\">\n\t\t\t\t<div class=\"elementor-widget-container\">\n\t\t\t\t\t\r\n\t\t<a href=\"\/hotspot\/iletisim\/\"  class=\"iteck-button \">\r\n\t\t\t<span class=\"iteck-button-content-wrapper\">\r\n\t\t\t\t\t\t\t\t<span class=\"iteck-button-text\">\r\n\t\t\t\t\tBize Ula\u015f\u0131n\t\t\t\t<\/span>\r\n\t\t\t\t\t\t\t\t\t<span class=\"iteck-button-icon iteck-align-icon-right hover-animation-none\">\r\n\t\t\t\t\t\t\t\t\t\t\t<\/span>\r\n\t\t\t\t\t\t\t<\/span>\r\n\t\t<\/a>\r\n\r\n\t\t\t\t<\/div>\n\t\t\t\t<\/div>\n\t\t\t\t<div class=\"elementor-element elementor-element-273c6398 elementor-widget__width-initial elementor-absolute elementor-widget elementor-widget-image\" data-id=\"273c6398\" data-element_type=\"widget\" data-settings=\"{&quot;_position&quot;:&quot;absolute&quot;}\" data-widget_type=\"image.default\">\n\t\t\t\t<div class=\"elementor-widget-container\">\n\t\t\t\t\t\t\t\t\t\t\t\t\t\t\t<img decoding=\"async\" src=\"https:\/\/soly.net.tr\/hotspot\/wp-content\/uploads\/2023\/01\/mobil.png\" title=\"mobil\" alt=\"mobil\" loading=\"lazy\" \/>\t\t\t\t\t\t\t\t\t\t\t\t\t\t\t<\/div>\n\t\t\t\t<\/div>\n\t\t\t\t\t<\/div>\n\t\t<\/div>\n\t\t\t\t\t<\/div>\n\t\t<\/section>\n\t\t\t\t\t<\/div>\n\t\t<\/div>\n\t\t\t\t<div class=\"elementor-column elementor-col-66 elementor-top-column elementor-element elementor-element-6060534c\" data-id=\"6060534c\" data-element_type=\"column\">\n\t\t\t<div class=\"elementor-widget-wrap elementor-element-populated\">\n\t\t\t\t\t\t<div class=\"elementor-element elementor-element-5f438b80 elementor-widget elementor-widget-image\" data-id=\"5f438b80\" data-element_type=\"widget\" data-widget_type=\"image.default\">\n\t\t\t\t<div class=\"elementor-widget-container\">\n\t\t\t\t\t\t\t\t\t\t\t\t\t\t\t<img fetchpriority=\"high\" decoding=\"async\" width=\"800\" height=\"500\" src=\"https:\/\/soly.net.tr\/hotspot\/wp-content\/uploads\/2023\/01\/rmos-hotspot-entegrasyon.webp\" class=\"attachment-full size-full wp-image-6224\" alt=\"\" \/>\t\t\t\t\t\t\t\t\t\t\t\t\t\t\t<\/div>\n\t\t\t\t<\/div>\n\t\t\t\t<div class=\"elementor-element elementor-element-6219410f elementor-widget elementor-widget-iteck-heading\" data-id=\"6219410f\" data-element_type=\"widget\" data-widget_type=\"iteck-heading.default\">\n\t\t\t\t<div class=\"elementor-widget-container\">\n\t\t\t\t\t<h2 class=\"iteck-heading\">Neden Hotspot Entegrasyon?<\/h2>\t\t\t\t<\/div>\n\t\t\t\t<\/div>\n\t\t\t\t<div class=\"elementor-element elementor-element-3b23bfc elementor-widget elementor-widget-iteck-text-editor\" data-id=\"3b23bfc\" data-element_type=\"widget\" data-widget_type=\"iteck-text-editor.default\">\n\t\t\t\t<div class=\"elementor-widget-container\">\n\t\t\t\t\t\t\t\t\t\t<div class=\"elementor-text-editor elementor-clearfix\">\r\n\t\t\t\t<p>Yaz\u0131l\u0131m entegrasyonlar\u0131, geli\u015fen cloud (bulut) teknolojilerle beraber geli\u015fmi\u015f sistemler i\u00e7in olduk\u00e7a \u00f6nemli bir yere sahip olmu\u015ftur.<\/p><p>Soly Hotspot cloud (bulut tabanl\u0131) hotspot sistemi ile kesintisiz ve sorunsuz \u00e7al\u0131\u015facak entegrasyon sistemimizi i\u015fletmenizi daha verimli hale getirmek i\u00e7in hizmetinize sunuyoruz. \u0130\u015fletme yaz\u0131l\u0131m\u0131n\u0131z i\u00e7in gereken entegrasyon i\u015flemini, kodlama bilgisi gerekmeden hotspot panelinizden kolayca aktif edebilirsiniz. Hotspot paneli \u00fczerinde yaz\u0131l\u0131m\u0131n\u0131z\u0131n durumu g\u00f6rebilir ve aksakl\u0131k durumunda an\u0131nda bildirim alabilirsiniz.<\/p>\t\t\t\t\t<\/div>\r\n\t\t\t\t\t\t\t\t<\/div>\n\t\t\t\t<\/div>\n\t\t\t\t<div class=\"elementor-element elementor-element-629d45ed elementor-widget elementor-widget-iteck-text-editor\" data-id=\"629d45ed\" data-element_type=\"widget\" data-widget_type=\"iteck-text-editor.default\">\n\t\t\t\t<div class=\"elementor-widget-container\">\n\t\t\t\t\t\t\t\t\t\t<div class=\"elementor-text-editor elementor-clearfix\">\r\n\t\t\t\t<p>\u0130\u015fletmenizde kulland\u0131\u011f\u0131n\u0131z Rmos yaz\u0131l\u0131m\u0131n\u0131n Soly Hotspot sistemiyle entegrasyon i\u015flemlerini en do\u011fru teknolojileri analiz ederek yap\u0131yoruz. Hotspot sistemi ve Rmos yaz\u0131l\u0131m\u0131 ile do\u011frudan entegrasyon kurarak misafirlerinizin kimliklerini do\u011frulayarak onlara g\u00fcvenli internet hizmeti sunabilirsiniz.<\/p><p>Soly Hotspot ile misafirlerinize\u202fkesintisiz internet hizmeti sa\u011flayabilirsiniz. Yaz\u0131l\u0131m\u0131n\u0131z\u202file\u202fentegre \u00e7al\u0131\u015farak verilerinizi otomatik e\u015fitleyebilir ve ayr\u0131ca detayl\u0131 raporlama yapabilirsiniz.<\/p>\t\t\t\t\t<\/div>\r\n\t\t\t\t\t\t\t\t<\/div>\n\t\t\t\t<\/div>\n\t\t\t\t<div class=\"elementor-element elementor-element-7c125a73 elementor-position-left iteck-icon-box-vertical-align-middle elementor-view-default elementor-widget elementor-widget-iteck-icon-box\" data-id=\"7c125a73\" data-element_type=\"widget\" data-widget_type=\"iteck-icon-box.default\">\n\t\t\t\t<div class=\"elementor-widget-container\">\n\t\t\t\t\t\t\t<div class=\"iteck-icon-box position-left elementor-icon-box-wrapper\">\r\n\t\t\t\t\t\t<div class=\"elementor-icon-box-icon\">\r\n\t\t\t\t<span class=\"elementor-icon elementor-animation-\" >\r\n\t\t\t\t<i aria-hidden=\"true\" class=\"fas fa-check-circle\"><\/i>\t\t\t\t\t\t\t\t\t\t\t\t<\/span>\r\n\t\t\t<\/div>\r\n\t\t\t\t\t\t<div class=\"elementor-icon-box-content\">\r\n\t\t\t\t<p class=\"elementor-icon-box-title\">\r\n\t\t\t\t\t<span  >\r\n\t\t\t\t\t\t\t\t\t\t\t<\/span>\r\n\t\t\t\t<\/p>\r\n\t\t\t\t\t\t\t\t\t<p class=\"elementor-icon-box-description\">\r\n\t\t\t\t\t\tSoly Hotspot ile s\u0131n\u0131rlar\u0131 kald\u0131r\u0131n\t\t\t\t\t<\/p>\r\n\t\t\t\t\t\t\t<\/div>\r\n\t\t\t\t\t<\/div>\r\n\t\t\t\t\t\t<\/div>\n\t\t\t\t<\/div>\n\t\t\t\t<div class=\"elementor-element elementor-element-6b6b6699 elementor-position-left iteck-icon-box-vertical-align-middle elementor-view-default elementor-widget elementor-widget-iteck-icon-box\" data-id=\"6b6b6699\" data-element_type=\"widget\" data-widget_type=\"iteck-icon-box.default\">\n\t\t\t\t<div class=\"elementor-widget-container\">\n\t\t\t\t\t\t\t<div class=\"iteck-icon-box position-left elementor-icon-box-wrapper\">\r\n\t\t\t\t\t\t<div class=\"elementor-icon-box-icon\">\r\n\t\t\t\t<span class=\"elementor-icon elementor-animation-\" >\r\n\t\t\t\t<i aria-hidden=\"true\" class=\"fas fa-check-circle\"><\/i>\t\t\t\t\t\t\t\t\t\t\t\t<\/span>\r\n\t\t\t<\/div>\r\n\t\t\t\t\t\t<div class=\"elementor-icon-box-content\">\r\n\t\t\t\t<p class=\"elementor-icon-box-title\">\r\n\t\t\t\t\t<span  >\r\n\t\t\t\t\t\t\t\t\t\t\t<\/span>\r\n\t\t\t\t<\/p>\r\n\t\t\t\t\t\t\t\t\t<p class=\"elementor-icon-box-description\">\r\n\t\t\t\t\t\tEntegre hotspot \u00e7\u00f6z\u00fcmlerimiz ile i\u015fletmenize de\u011fer kat\u0131n\t\t\t\t\t<\/p>\r\n\t\t\t\t\t\t\t<\/div>\r\n\t\t\t\t\t<\/div>\r\n\t\t\t\t\t\t<\/div>\n\t\t\t\t<\/div>\n\t\t\t\t\t<\/div>\n\t\t<\/div>\n\t\t\t\t\t<\/div>\n\t\t<\/section>\n\t\t\t\t<\/div>\n\t\t","protected":false},"excerpt":{"rendered":"<p>Rmos HotSpot Entegrasyonu Entegrasyon Se\u00e7enekleri Ak\u0131nsoft Hotspot Entegrasyonu AmonRa Hotspot Entegrasyonu Asyasoft Hotspot Entegrasyonu Athena Hotspot Entegrasyonu Bilnex Hotspot Entegrasyonu Elektra Hotspot Entegrasyonu Fidelio Suite8 Hotspot Entegrasyonu Opera Hotspot Entegrasyonu Rmos Hotspot Entegrasyonu Sedna Hotspot Entegrasyonu Hemen Aray\u0131n Entegrasyon Talebi \u0130\u00e7in Bize Ula\u015f\u0131n Neden Hotspot Entegrasyon? Yaz\u0131l\u0131m entegrasyonlar\u0131, geli\u015fen cloud (bulut) teknolojilerle beraber geli\u015fmi\u015f sistemler i\u00e7in olduk\u00e7a \u00f6nemli bir yere &hellip;<\/p>\n","protected":false},"author":2,"featured_media":0,"parent":0,"menu_order":0,"comment_status":"closed","ping_status":"closed","template":"blank-builder.php","meta":{"footnotes":""},"class_list":["post-6200","page","type-page","status-publish","hentry"],"_links":{"self":[{"href":"https:\/\/soly.net.tr\/hotspot\/wp-json\/wp\/v2\/pages\/6200","targetHints":{"allow":["GET"]}}],"collection":[{"href":"https:\/\/soly.net.tr\/hotspot\/wp-json\/wp\/v2\/pages"}],"about":[{"href":"https:\/\/soly.net.tr\/hotspot\/wp-json\/wp\/v2\/types\/page"}],"author":[{"embeddable":true,"href":"https:\/\/soly.net.tr\/hotspot\/wp-json\/wp\/v2\/users\/2"}],"replies":[{"embeddable":true,"href":"https:\/\/soly.net.tr\/hotspot\/wp-json\/wp\/v2\/comments?post=6200"}],"version-history":[{"count":0,"href":"https:\/\/soly.net.tr\/hotspot\/wp-json\/wp\/v2\/pages\/6200\/revisions"}],"wp:attachment":[{"href":"https:\/\/soly.net.tr\/hotspot\/wp-json\/wp\/v2\/media?parent=6200"}],"curies":[{"name":"wp","href":"https:\/\/api.w.org\/{rel}","templated":true}]}}