{"id":7088,"date":"2023-03-06T23:53:03","date_gmt":"2023-03-06T20:53:03","guid":{"rendered":"https:\/\/soly.net.tr\/hotspot\/?page_id=7088"},"modified":"2023-03-07T02:12:38","modified_gmt":"2023-03-06T23:12:38","slug":"yurt-cozumleri","status":"publish","type":"page","link":"https:\/\/soly.net.tr\/hotspot\/yurt-cozumleri\/","title":{"rendered":"Yurt \u00c7\u00f6z\u00fcmleri"},"content":{"rendered":"\t\t<div data-elementor-type=\"wp-page\" data-elementor-id=\"7088\" class=\"elementor elementor-7088\">\n\t\t\t\t\t\t<section class=\"elementor-section elementor-top-section elementor-element elementor-element-7eadae62 elementor-section-full_width elementor-section-height-default elementor-section-height-default\" data-id=\"7eadae62\" data-element_type=\"section\" data-settings=\"{&quot;background_background&quot;:&quot;classic&quot;}\">\n\t\t\t\t\t\t<div class=\"elementor-container elementor-column-gap-no\">\n\t\t\t\t\t<div class=\"elementor-column elementor-col-100 elementor-top-column elementor-element elementor-element-72a6dcc5\" data-id=\"72a6dcc5\" data-element_type=\"column\">\n\t\t\t<div class=\"elementor-widget-wrap elementor-element-populated\">\n\t\t\t\t\t\t<section class=\"elementor-section elementor-inner-section elementor-element elementor-element-3d87e327 elementor-section-boxed elementor-section-height-default elementor-section-height-default\" data-id=\"3d87e327\" data-element_type=\"section\">\n\t\t\t\t\t\t<div class=\"elementor-container elementor-column-gap-default\">\n\t\t\t\t\t<div class=\"elementor-column elementor-col-100 elementor-inner-column elementor-element elementor-element-73e9a875\" data-id=\"73e9a875\" data-element_type=\"column\">\n\t\t\t<div class=\"elementor-widget-wrap elementor-element-populated\">\n\t\t\t\t\t\t<div class=\"elementor-element elementor-element-1455578d iteck-color elementor-widget elementor-widget-iteck-heading\" data-id=\"1455578d\" data-element_type=\"widget\" data-widget_type=\"iteck-heading.default\">\n\t\t\t\t<div class=\"elementor-widget-container\">\n\t\t\t\t\t<h1 class=\"iteck-heading iteck-underline-color\">Yurt <span>HotSpot \u00c7\u00f6z\u00fcmleri<\/span><\/h1>\t\t\t\t<\/div>\n\t\t\t\t<\/div>\n\t\t\t\t\t<\/div>\n\t\t<\/div>\n\t\t\t\t\t<\/div>\n\t\t<\/section>\n\t\t\t\t\t<\/div>\n\t\t<\/div>\n\t\t\t\t\t<\/div>\n\t\t<\/section>\n\t\t\t\t<section class=\"elementor-section elementor-top-section elementor-element elementor-element-24df500f elementor-reverse-mobile elementor-section-boxed elementor-section-height-default elementor-section-height-default\" data-id=\"24df500f\" data-element_type=\"section\">\n\t\t\t\t\t\t<div class=\"elementor-container elementor-column-gap-default\">\n\t\t\t\t\t<div class=\"elementor-column elementor-col-33 elementor-top-column elementor-element elementor-element-1d00056f\" data-id=\"1d00056f\" data-element_type=\"column\">\n\t\t\t<div class=\"elementor-widget-wrap elementor-element-populated\">\n\t\t\t\t\t\t<section class=\"elementor-section elementor-inner-section elementor-element elementor-element-73ffe2a6 elementor-section-boxed elementor-section-height-default elementor-section-height-default\" data-id=\"73ffe2a6\" data-element_type=\"section\">\n\t\t\t\t\t\t<div class=\"elementor-container elementor-column-gap-default\">\n\t\t\t\t\t<div class=\"elementor-column elementor-col-100 elementor-inner-column elementor-element elementor-element-648b403d\" data-id=\"648b403d\" data-element_type=\"column\">\n\t\t\t<div class=\"elementor-widget-wrap elementor-element-populated\">\n\t\t\t\t\t\t<div class=\"elementor-element elementor-element-1eeefd60 elementor-widget elementor-widget-iteck-heading\" data-id=\"1eeefd60\" data-element_type=\"widget\" data-widget_type=\"iteck-heading.default\">\n\t\t\t\t<div class=\"elementor-widget-container\">\n\t\t\t\t\t<h5 class=\"iteck-heading\">Sekt\u00f6rel Hotspot \u00c7\u00f6z\u00fcmleri<\/h5>\t\t\t\t<\/div>\n\t\t\t\t<\/div>\n\t\t\t\t<div class=\"elementor-element elementor-element-746d8034 elementor-align-left elementor-widget elementor-widget-iteck-button\" data-id=\"746d8034\" data-element_type=\"widget\" data-widget_type=\"iteck-button.default\">\n\t\t\t\t<div class=\"elementor-widget-container\">\n\t\t\t\t\t\r\n\t\t<a href=\"\/hotspot\/otel-cozumleri\/\"  class=\"iteck-button \">\r\n\t\t\t<span class=\"iteck-button-content-wrapper\">\r\n\t\t\t\t\t\t\t\t\t<span class=\"iteck-button-icon iteck-align-icon-left hover-animation-none\">\r\n\t\t\t\t\t\t<i aria-hidden=\"true\" class=\"fas fa-angle-right\"><\/i>\t\t\t\t\t<\/span>\r\n\t\t\t\t\t\t\t\t<span class=\"iteck-button-text\">\r\n\t\t\t\t\tOtel Hotspot \u00c7\u00f6z\u00fcmleri\t\t\t\t<\/span>\r\n\t\t\t\t\t\t\t<\/span>\r\n\t\t<\/a>\r\n\r\n\t\t\t\t<\/div>\n\t\t\t\t<\/div>\n\t\t\t\t<div class=\"elementor-element elementor-element-279f6fda elementor-align-left elementor-widget elementor-widget-iteck-button\" data-id=\"279f6fda\" data-element_type=\"widget\" data-widget_type=\"iteck-button.default\">\n\t\t\t\t<div class=\"elementor-widget-container\">\n\t\t\t\t\t\r\n\t\t<a href=\"\/hotspot\/yurt-cozumleri\/\"  class=\"iteck-button \">\r\n\t\t\t<span class=\"iteck-button-content-wrapper\">\r\n\t\t\t\t\t\t\t\t\t<span class=\"iteck-button-icon iteck-align-icon-left hover-animation-none\">\r\n\t\t\t\t\t\t<i aria-hidden=\"true\" class=\"fas fa-angle-right\"><\/i>\t\t\t\t\t<\/span>\r\n\t\t\t\t\t\t\t\t<span class=\"iteck-button-text\">\r\n\t\t\t\t\tYurt Hotspot \u00c7\u00f6z\u00fcmleri\t\t\t\t<\/span>\r\n\t\t\t\t\t\t\t<\/span>\r\n\t\t<\/a>\r\n\r\n\t\t\t\t<\/div>\n\t\t\t\t<\/div>\n\t\t\t\t<div class=\"elementor-element elementor-element-11b8be33 elementor-align-left elementor-widget elementor-widget-iteck-button\" data-id=\"11b8be33\" data-element_type=\"widget\" data-widget_type=\"iteck-button.default\">\n\t\t\t\t<div class=\"elementor-widget-container\">\n\t\t\t\t\t\r\n\t\t<a href=\"\/hotspot\/kafe-restaurant-cozumleri\/\"  class=\"iteck-button \">\r\n\t\t\t<span class=\"iteck-button-content-wrapper\">\r\n\t\t\t\t\t\t\t\t\t<span class=\"iteck-button-icon iteck-align-icon-left hover-animation-none\">\r\n\t\t\t\t\t\t<i aria-hidden=\"true\" class=\"fas fa-angle-right\"><\/i>\t\t\t\t\t<\/span>\r\n\t\t\t\t\t\t\t\t<span class=\"iteck-button-text\">\r\n\t\t\t\t\tKafe & Restaurant Hotspot \u00c7\u00f6z\u00fcmleri\t\t\t\t<\/span>\r\n\t\t\t\t\t\t\t<\/span>\r\n\t\t<\/a>\r\n\r\n\t\t\t\t<\/div>\n\t\t\t\t<\/div>\n\t\t\t\t<div class=\"elementor-element elementor-element-4e192049 elementor-align-left elementor-widget elementor-widget-iteck-button\" data-id=\"4e192049\" data-element_type=\"widget\" data-widget_type=\"iteck-button.default\">\n\t\t\t\t<div class=\"elementor-widget-container\">\n\t\t\t\t\t\r\n\t\t<a href=\"\/hotspot\/hastane-cozumleri\/\"  class=\"iteck-button \">\r\n\t\t\t<span class=\"iteck-button-content-wrapper\">\r\n\t\t\t\t\t\t\t\t\t<span class=\"iteck-button-icon iteck-align-icon-left hover-animation-none\">\r\n\t\t\t\t\t\t<i aria-hidden=\"true\" class=\"fas fa-angle-right\"><\/i>\t\t\t\t\t<\/span>\r\n\t\t\t\t\t\t\t\t<span class=\"iteck-button-text\">\r\n\t\t\t\t\tHastane Hotspot \u00c7\u00f6z\u00fcmleri\t\t\t\t<\/span>\r\n\t\t\t\t\t\t\t<\/span>\r\n\t\t<\/a>\r\n\r\n\t\t\t\t<\/div>\n\t\t\t\t<\/div>\n\t\t\t\t<div class=\"elementor-element elementor-element-2d4bb340 elementor-align-left elementor-widget elementor-widget-iteck-button\" data-id=\"2d4bb340\" data-element_type=\"widget\" data-widget_type=\"iteck-button.default\">\n\t\t\t\t<div class=\"elementor-widget-container\">\n\t\t\t\t\t\r\n\t\t<a href=\"\/hotspot\/avm-cozumleri\/\"  class=\"iteck-button \">\r\n\t\t\t<span class=\"iteck-button-content-wrapper\">\r\n\t\t\t\t\t\t\t\t\t<span class=\"iteck-button-icon iteck-align-icon-left hover-animation-none\">\r\n\t\t\t\t\t\t<i aria-hidden=\"true\" class=\"fas fa-angle-right\"><\/i>\t\t\t\t\t<\/span>\r\n\t\t\t\t\t\t\t\t<span class=\"iteck-button-text\">\r\n\t\t\t\t\tAVM Hotspot \u00c7\u00f6z\u00fcmleri\t\t\t\t<\/span>\r\n\t\t\t\t\t\t\t<\/span>\r\n\t\t<\/a>\r\n\r\n\t\t\t\t<\/div>\n\t\t\t\t<\/div>\n\t\t\t\t<div class=\"elementor-element elementor-element-2ef2155a elementor-align-left elementor-widget elementor-widget-iteck-button\" data-id=\"2ef2155a\" data-element_type=\"widget\" data-widget_type=\"iteck-button.default\">\n\t\t\t\t<div class=\"elementor-widget-container\">\n\t\t\t\t\t\r\n\t\t<a href=\"\/hotspot\/kurumsal-cozumler\/\"  class=\"iteck-button \">\r\n\t\t\t<span class=\"iteck-button-content-wrapper\">\r\n\t\t\t\t\t\t\t\t\t<span class=\"iteck-button-icon iteck-align-icon-left hover-animation-none\">\r\n\t\t\t\t\t\t<i aria-hidden=\"true\" class=\"fas fa-angle-right\"><\/i>\t\t\t\t\t<\/span>\r\n\t\t\t\t\t\t\t\t<span class=\"iteck-button-text\">\r\n\t\t\t\t\tKurumsal Hotspot \u00c7\u00f6z\u00fcmleri\t\t\t\t<\/span>\r\n\t\t\t\t\t\t\t<\/span>\r\n\t\t<\/a>\r\n\r\n\t\t\t\t<\/div>\n\t\t\t\t<\/div>\n\t\t\t\t\t<\/div>\n\t\t<\/div>\n\t\t\t\t\t<\/div>\n\t\t<\/section>\n\t\t\t\t<section class=\"elementor-section elementor-inner-section elementor-element elementor-element-22939655 elementor-section-boxed elementor-section-height-default elementor-section-height-default\" data-id=\"22939655\" data-element_type=\"section\">\n\t\t\t\t\t\t<div class=\"elementor-container elementor-column-gap-default\">\n\t\t\t\t\t<div class=\"elementor-column elementor-col-100 elementor-inner-column elementor-element elementor-element-2ff040fd\" data-id=\"2ff040fd\" data-element_type=\"column\" data-settings=\"{&quot;background_background&quot;:&quot;classic&quot;}\">\n\t\t\t<div class=\"elementor-widget-wrap elementor-element-populated\">\n\t\t\t\t\t\t<div class=\"elementor-element elementor-element-12077c41 elementor-widget elementor-widget-iteck-heading\" data-id=\"12077c41\" data-element_type=\"widget\" data-widget_type=\"iteck-heading.default\">\n\t\t\t\t<div class=\"elementor-widget-container\">\n\t\t\t\t\t<h3 class=\"iteck-heading\">Hotspot \u00c7\u00f6z\u00fcmleri \u0130\u00e7in<\/h3>\t\t\t\t<\/div>\n\t\t\t\t<\/div>\n\t\t\t\t<div class=\"elementor-element elementor-element-37264029 elementor-align-center elementor-widget elementor-widget-iteck-button\" data-id=\"37264029\" data-element_type=\"widget\" data-widget_type=\"iteck-button.default\">\n\t\t\t\t<div class=\"elementor-widget-container\">\n\t\t\t\t\t\r\n\t\t<a href=\"\/hotspot\/iletisim\/\"  class=\"iteck-button \">\r\n\t\t\t<span class=\"iteck-button-content-wrapper\">\r\n\t\t\t\t\t\t\t\t<span class=\"iteck-button-text\">\r\n\t\t\t\t\tBize Ula\u015f\u0131n\t\t\t\t<\/span>\r\n\t\t\t\t\t\t\t\t\t<span class=\"iteck-button-icon iteck-align-icon-right hover-animation-none\">\r\n\t\t\t\t\t\t\t\t\t\t\t<\/span>\r\n\t\t\t\t\t\t\t<\/span>\r\n\t\t<\/a>\r\n\r\n\t\t\t\t<\/div>\n\t\t\t\t<\/div>\n\t\t\t\t<div class=\"elementor-element elementor-element-1c30045b elementor-widget__width-initial elementor-absolute elementor-widget elementor-widget-image\" data-id=\"1c30045b\" data-element_type=\"widget\" data-settings=\"{&quot;_position&quot;:&quot;absolute&quot;}\" data-widget_type=\"image.default\">\n\t\t\t\t<div class=\"elementor-widget-container\">\n\t\t\t\t\t\t\t\t\t\t\t\t\t\t\t<img decoding=\"async\" src=\"https:\/\/soly.net.tr\/hotspot\/wp-content\/uploads\/2023\/01\/mobil.png\" title=\"mobil\" alt=\"mobil\" loading=\"lazy\" \/>\t\t\t\t\t\t\t\t\t\t\t\t\t\t\t<\/div>\n\t\t\t\t<\/div>\n\t\t\t\t\t<\/div>\n\t\t<\/div>\n\t\t\t\t\t<\/div>\n\t\t<\/section>\n\t\t\t\t\t<\/div>\n\t\t<\/div>\n\t\t\t\t<div class=\"elementor-column elementor-col-66 elementor-top-column elementor-element elementor-element-28baded7\" data-id=\"28baded7\" data-element_type=\"column\">\n\t\t\t<div class=\"elementor-widget-wrap elementor-element-populated\">\n\t\t\t\t\t\t<div class=\"elementor-element elementor-element-5a0ff84b elementor-widget elementor-widget-image\" data-id=\"5a0ff84b\" data-element_type=\"widget\" data-widget_type=\"image.default\">\n\t\t\t\t<div class=\"elementor-widget-container\">\n\t\t\t\t\t\t\t\t\t\t\t\t\t\t\t<img fetchpriority=\"high\" decoding=\"async\" width=\"900\" height=\"550\" src=\"https:\/\/soly.net.tr\/hotspot\/wp-content\/uploads\/2023\/03\/yurt-hotspot-cozumu.png\" class=\"attachment-full size-full wp-image-6987\" alt=\"\" \/>\t\t\t\t\t\t\t\t\t\t\t\t\t\t\t<\/div>\n\t\t\t\t<\/div>\n\t\t\t\t<div class=\"elementor-element elementor-element-206d9465 elementor-widget elementor-widget-iteck-text-editor\" data-id=\"206d9465\" data-element_type=\"widget\" data-widget_type=\"iteck-text-editor.default\">\n\t\t\t\t<div class=\"elementor-widget-container\">\n\t\t\t\t\t\t\t\t\t\t<div class=\"elementor-text-editor elementor-clearfix\">\r\n\t\t\t\t<p>Soly Hotspot ile yurdunuzda konaklayan \u00f6\u011frencilerinize kesintisiz internet hizmeti sunarken i\u015fletmenizi 5651 say\u0131l\u0131 kanun i\u00e7in g\u00fcvende tutun. Yurdunuzda \u00f6\u011frencilerinize kaliteli ve g\u00fcvenli internet hizmeti sunmak i\u00e7in, hotspot \u00e7\u00f6z\u00fcmlerimizle istenilen alanda bir Wi-fi noktas\u0131 olu\u015fturabilirsiniz. Wi-fi noktas\u0131 sayesinde isteyen herkes internet kullan\u0131m\u0131 sa\u011flayabilir. Soly Hotspot, sekt\u00f6rel hotspot \u00e7\u00f6z\u00fcmleri konusunda gerekli t\u00fcm deste\u011fi sa\u011flamaktad\u0131r. Soly hotspot, cihaz\u0131n\u0131za do\u011frudan ba\u011flanarak sizin i\u00e7in t\u00fcm ayarlar\u0131 yapar ve kolay kurulum sa\u011flar. \u0130stedi\u011finiz kullan\u0131c\u0131y\u0131 kara listeye ekleyebilir veya tek t\u0131kla oturumunu sonland\u0131rabilirsiniz.<\/p><p>\u0130ster TC kimlik numaras\u0131 do\u011frulamas\u0131 ile ister kullan\u0131c\u0131 ad\u0131 ve parola ile hotspot sisteminizi y\u00f6netebilirsiniz. B\u00f6ylece 5651 yasas\u0131na uygun log (kay\u0131t) tutarak do\u011fabilecek riskleri azaltabilirsiniz.<\/p>\t\t\t\t\t<\/div>\r\n\t\t\t\t\t\t\t\t<\/div>\n\t\t\t\t<\/div>\n\t\t\t\t<div class=\"elementor-element elementor-element-16f8bdac elementor-widget elementor-widget-iteck-text-editor\" data-id=\"16f8bdac\" data-element_type=\"widget\" data-widget_type=\"iteck-text-editor.default\">\n\t\t\t\t<div class=\"elementor-widget-container\">\n\t\t\t\t\t\t\t\t\t\t<div class=\"elementor-text-editor elementor-clearfix\">\r\n\t\t\t\t<p>Soly Hotspot sistemini, \u00f6\u011frenci yurdunda kulland\u0131\u011f\u0131n\u0131z yaz\u0131l\u0131m\u0131n\u0131z ile entegrasyon yaparak verilerinizi otomatik e\u015fitleyebilir ve detayl\u0131 raporlama yapabilirsiniz. Hotspot paneli \u00fczerinde yaz\u0131l\u0131m\u0131n\u0131z\u0131n durumu g\u00f6rebilir ve aksakl\u0131k durumunda an\u0131nda bildirim alabilirsiniz.<\/p>\t\t\t\t\t<\/div>\r\n\t\t\t\t\t\t\t\t<\/div>\n\t\t\t\t<\/div>\n\t\t\t\t<div class=\"elementor-element elementor-element-6da5d2d0 elementor-position-left iteck-icon-box-vertical-align-middle elementor-view-default elementor-widget elementor-widget-iteck-icon-box\" data-id=\"6da5d2d0\" data-element_type=\"widget\" data-widget_type=\"iteck-icon-box.default\">\n\t\t\t\t<div class=\"elementor-widget-container\">\n\t\t\t\t\t\t\t<div class=\"iteck-icon-box position-left elementor-icon-box-wrapper\">\r\n\t\t\t\t\t\t<div class=\"elementor-icon-box-icon\">\r\n\t\t\t\t<span class=\"elementor-icon elementor-animation-\" >\r\n\t\t\t\t<i aria-hidden=\"true\" class=\"fas fa-check-circle\"><\/i>\t\t\t\t\t\t\t\t\t\t\t\t<\/span>\r\n\t\t\t<\/div>\r\n\t\t\t\t\t\t<div class=\"elementor-icon-box-content\">\r\n\t\t\t\t<p class=\"elementor-icon-box-title\">\r\n\t\t\t\t\t<span  >\r\n\t\t\t\t\t\t\t\t\t\t\t<\/span>\r\n\t\t\t\t<\/p>\r\n\t\t\t\t\t\t\t\t\t<p class=\"elementor-icon-box-description\">\r\n\t\t\t\t\t\tSoly Hotspot ile s\u0131n\u0131rlar\u0131 kald\u0131r\u0131n\t\t\t\t\t<\/p>\r\n\t\t\t\t\t\t\t<\/div>\r\n\t\t\t\t\t<\/div>\r\n\t\t\t\t\t\t<\/div>\n\t\t\t\t<\/div>\n\t\t\t\t<div class=\"elementor-element elementor-element-256f2194 elementor-position-left iteck-icon-box-vertical-align-middle elementor-view-default elementor-widget elementor-widget-iteck-icon-box\" data-id=\"256f2194\" data-element_type=\"widget\" data-widget_type=\"iteck-icon-box.default\">\n\t\t\t\t<div class=\"elementor-widget-container\">\n\t\t\t\t\t\t\t<div class=\"iteck-icon-box position-left elementor-icon-box-wrapper\">\r\n\t\t\t\t\t\t<div class=\"elementor-icon-box-icon\">\r\n\t\t\t\t<span class=\"elementor-icon elementor-animation-\" >\r\n\t\t\t\t<i aria-hidden=\"true\" class=\"fas fa-check-circle\"><\/i>\t\t\t\t\t\t\t\t\t\t\t\t<\/span>\r\n\t\t\t<\/div>\r\n\t\t\t\t\t\t<div class=\"elementor-icon-box-content\">\r\n\t\t\t\t<p class=\"elementor-icon-box-title\">\r\n\t\t\t\t\t<span  >\r\n\t\t\t\t\t\t\t\t\t\t\t<\/span>\r\n\t\t\t\t<\/p>\r\n\t\t\t\t\t\t\t\t\t<p class=\"elementor-icon-box-description\">\r\n\t\t\t\t\t\tSekt\u00f6rel hotspot \u00e7\u00f6z\u00fcmlerimiz ile i\u015finize de\u011fer kat\u0131n\t\t\t\t\t<\/p>\r\n\t\t\t\t\t\t\t<\/div>\r\n\t\t\t\t\t<\/div>\r\n\t\t\t\t\t\t<\/div>\n\t\t\t\t<\/div>\n\t\t\t\t\t<\/div>\n\t\t<\/div>\n\t\t\t\t\t<\/div>\n\t\t<\/section>\n\t\t\t\t<\/div>\n\t\t","protected":false},"excerpt":{"rendered":"<p>Yurt HotSpot \u00c7\u00f6z\u00fcmleri Sekt\u00f6rel Hotspot \u00c7\u00f6z\u00fcmleri Otel Hotspot \u00c7\u00f6z\u00fcmleri Yurt Hotspot \u00c7\u00f6z\u00fcmleri Kafe &#038; Restaurant Hotspot \u00c7\u00f6z\u00fcmleri Hastane Hotspot \u00c7\u00f6z\u00fcmleri AVM Hotspot \u00c7\u00f6z\u00fcmleri Kurumsal Hotspot \u00c7\u00f6z\u00fcmleri Hotspot \u00c7\u00f6z\u00fcmleri \u0130\u00e7in Bize Ula\u015f\u0131n Soly Hotspot ile yurdunuzda konaklayan \u00f6\u011frencilerinize kesintisiz internet hizmeti sunarken i\u015fletmenizi 5651 say\u0131l\u0131 kanun i\u00e7in g\u00fcvende tutun. Yurdunuzda \u00f6\u011frencilerinize kaliteli ve g\u00fcvenli internet hizmeti sunmak i\u00e7in, hotspot \u00e7\u00f6z\u00fcmlerimizle istenilen &hellip;<\/p>\n","protected":false},"author":2,"featured_media":0,"parent":0,"menu_order":0,"comment_status":"closed","ping_status":"closed","template":"blank-builder.php","meta":{"footnotes":""},"class_list":["post-7088","page","type-page","status-publish","hentry"],"_links":{"self":[{"href":"https:\/\/soly.net.tr\/hotspot\/wp-json\/wp\/v2\/pages\/7088","targetHints":{"allow":["GET"]}}],"collection":[{"href":"https:\/\/soly.net.tr\/hotspot\/wp-json\/wp\/v2\/pages"}],"about":[{"href":"https:\/\/soly.net.tr\/hotspot\/wp-json\/wp\/v2\/types\/page"}],"author":[{"embeddable":true,"href":"https:\/\/soly.net.tr\/hotspot\/wp-json\/wp\/v2\/users\/2"}],"replies":[{"embeddable":true,"href":"https:\/\/soly.net.tr\/hotspot\/wp-json\/wp\/v2\/comments?post=7088"}],"version-history":[{"count":0,"href":"https:\/\/soly.net.tr\/hotspot\/wp-json\/wp\/v2\/pages\/7088\/revisions"}],"wp:attachment":[{"href":"https:\/\/soly.net.tr\/hotspot\/wp-json\/wp\/v2\/media?parent=7088"}],"curies":[{"name":"wp","href":"https:\/\/api.w.org\/{rel}","templated":true}]}}