{"id":7255,"date":"2023-03-07T01:52:55","date_gmt":"2023-03-06T22:52:55","guid":{"rendered":"https:\/\/soly.net.tr\/hotspot\/?page_id=7255"},"modified":"2023-03-07T02:08:15","modified_gmt":"2023-03-06T23:08:15","slug":"kurumsal-cozumler","status":"publish","type":"page","link":"https:\/\/soly.net.tr\/hotspot\/kurumsal-cozumler\/","title":{"rendered":"Kurumsal \u00c7\u00f6z\u00fcmler"},"content":{"rendered":"\t\t<div data-elementor-type=\"wp-page\" data-elementor-id=\"7255\" class=\"elementor elementor-7255\">\n\t\t\t\t\t\t<section class=\"elementor-section elementor-top-section elementor-element elementor-element-679aff2d elementor-section-full_width elementor-section-height-default elementor-section-height-default\" data-id=\"679aff2d\" data-element_type=\"section\" data-settings=\"{&quot;background_background&quot;:&quot;classic&quot;}\">\n\t\t\t\t\t\t<div class=\"elementor-container elementor-column-gap-no\">\n\t\t\t\t\t<div class=\"elementor-column elementor-col-100 elementor-top-column elementor-element elementor-element-16649dbb\" data-id=\"16649dbb\" data-element_type=\"column\">\n\t\t\t<div class=\"elementor-widget-wrap elementor-element-populated\">\n\t\t\t\t\t\t<section class=\"elementor-section elementor-inner-section elementor-element elementor-element-1e023a20 elementor-section-boxed elementor-section-height-default elementor-section-height-default\" data-id=\"1e023a20\" data-element_type=\"section\">\n\t\t\t\t\t\t<div class=\"elementor-container elementor-column-gap-default\">\n\t\t\t\t\t<div class=\"elementor-column elementor-col-100 elementor-inner-column elementor-element elementor-element-2ce79932\" data-id=\"2ce79932\" data-element_type=\"column\">\n\t\t\t<div class=\"elementor-widget-wrap elementor-element-populated\">\n\t\t\t\t\t\t<div class=\"elementor-element elementor-element-61e1a256 iteck-color elementor-widget elementor-widget-iteck-heading\" data-id=\"61e1a256\" data-element_type=\"widget\" data-widget_type=\"iteck-heading.default\">\n\t\t\t\t<div class=\"elementor-widget-container\">\n\t\t\t\t\t<h1 class=\"iteck-heading iteck-underline-color\">Kurumsal <span>HotSpot \u00c7\u00f6z\u00fcmleri<\/span><\/h1>\t\t\t\t<\/div>\n\t\t\t\t<\/div>\n\t\t\t\t\t<\/div>\n\t\t<\/div>\n\t\t\t\t\t<\/div>\n\t\t<\/section>\n\t\t\t\t\t<\/div>\n\t\t<\/div>\n\t\t\t\t\t<\/div>\n\t\t<\/section>\n\t\t\t\t<section class=\"elementor-section elementor-top-section elementor-element elementor-element-52b3cae6 elementor-reverse-mobile elementor-section-boxed elementor-section-height-default elementor-section-height-default\" data-id=\"52b3cae6\" data-element_type=\"section\">\n\t\t\t\t\t\t<div class=\"elementor-container elementor-column-gap-default\">\n\t\t\t\t\t<div class=\"elementor-column elementor-col-33 elementor-top-column elementor-element elementor-element-5cd70c96\" data-id=\"5cd70c96\" data-element_type=\"column\">\n\t\t\t<div class=\"elementor-widget-wrap elementor-element-populated\">\n\t\t\t\t\t\t<section class=\"elementor-section elementor-inner-section elementor-element elementor-element-46c4d407 elementor-section-boxed elementor-section-height-default elementor-section-height-default\" data-id=\"46c4d407\" data-element_type=\"section\">\n\t\t\t\t\t\t<div class=\"elementor-container elementor-column-gap-default\">\n\t\t\t\t\t<div class=\"elementor-column elementor-col-100 elementor-inner-column elementor-element elementor-element-749f1db7\" data-id=\"749f1db7\" data-element_type=\"column\">\n\t\t\t<div class=\"elementor-widget-wrap elementor-element-populated\">\n\t\t\t\t\t\t<div class=\"elementor-element elementor-element-77f7e097 elementor-widget elementor-widget-iteck-heading\" data-id=\"77f7e097\" data-element_type=\"widget\" data-widget_type=\"iteck-heading.default\">\n\t\t\t\t<div class=\"elementor-widget-container\">\n\t\t\t\t\t<h5 class=\"iteck-heading\">Sekt\u00f6rel Hotspot \u00c7\u00f6z\u00fcmleri<\/h5>\t\t\t\t<\/div>\n\t\t\t\t<\/div>\n\t\t\t\t<div class=\"elementor-element elementor-element-6ed20c2f elementor-align-left elementor-widget elementor-widget-iteck-button\" data-id=\"6ed20c2f\" data-element_type=\"widget\" data-widget_type=\"iteck-button.default\">\n\t\t\t\t<div class=\"elementor-widget-container\">\n\t\t\t\t\t\r\n\t\t<a href=\"\/hotspot\/otel-cozumleri\/\"  class=\"iteck-button \">\r\n\t\t\t<span class=\"iteck-button-content-wrapper\">\r\n\t\t\t\t\t\t\t\t\t<span class=\"iteck-button-icon iteck-align-icon-left hover-animation-none\">\r\n\t\t\t\t\t\t<i aria-hidden=\"true\" class=\"fas fa-angle-right\"><\/i>\t\t\t\t\t<\/span>\r\n\t\t\t\t\t\t\t\t<span class=\"iteck-button-text\">\r\n\t\t\t\t\tOtel Hotspot \u00c7\u00f6z\u00fcmleri\t\t\t\t<\/span>\r\n\t\t\t\t\t\t\t<\/span>\r\n\t\t<\/a>\r\n\r\n\t\t\t\t<\/div>\n\t\t\t\t<\/div>\n\t\t\t\t<div class=\"elementor-element elementor-element-309228e7 elementor-align-left elementor-widget elementor-widget-iteck-button\" data-id=\"309228e7\" data-element_type=\"widget\" data-widget_type=\"iteck-button.default\">\n\t\t\t\t<div class=\"elementor-widget-container\">\n\t\t\t\t\t\r\n\t\t<a href=\"\/hotspot\/yurt-cozumleri\/\"  class=\"iteck-button \">\r\n\t\t\t<span class=\"iteck-button-content-wrapper\">\r\n\t\t\t\t\t\t\t\t\t<span class=\"iteck-button-icon iteck-align-icon-left hover-animation-none\">\r\n\t\t\t\t\t\t<i aria-hidden=\"true\" class=\"fas fa-angle-right\"><\/i>\t\t\t\t\t<\/span>\r\n\t\t\t\t\t\t\t\t<span class=\"iteck-button-text\">\r\n\t\t\t\t\tYurt Hotspot \u00c7\u00f6z\u00fcmleri\t\t\t\t<\/span>\r\n\t\t\t\t\t\t\t<\/span>\r\n\t\t<\/a>\r\n\r\n\t\t\t\t<\/div>\n\t\t\t\t<\/div>\n\t\t\t\t<div class=\"elementor-element elementor-element-5def2573 elementor-align-left elementor-widget elementor-widget-iteck-button\" data-id=\"5def2573\" data-element_type=\"widget\" data-widget_type=\"iteck-button.default\">\n\t\t\t\t<div class=\"elementor-widget-container\">\n\t\t\t\t\t\r\n\t\t<a href=\"\/hotspot\/kafe-restaurant-cozumleri\/\"  class=\"iteck-button \">\r\n\t\t\t<span class=\"iteck-button-content-wrapper\">\r\n\t\t\t\t\t\t\t\t\t<span class=\"iteck-button-icon iteck-align-icon-left hover-animation-none\">\r\n\t\t\t\t\t\t<i aria-hidden=\"true\" class=\"fas fa-angle-right\"><\/i>\t\t\t\t\t<\/span>\r\n\t\t\t\t\t\t\t\t<span class=\"iteck-button-text\">\r\n\t\t\t\t\tKafe & Restaurant Hotspot \u00c7\u00f6z\u00fcmleri\t\t\t\t<\/span>\r\n\t\t\t\t\t\t\t<\/span>\r\n\t\t<\/a>\r\n\r\n\t\t\t\t<\/div>\n\t\t\t\t<\/div>\n\t\t\t\t<div class=\"elementor-element elementor-element-7d44b1aa elementor-align-left elementor-widget elementor-widget-iteck-button\" data-id=\"7d44b1aa\" data-element_type=\"widget\" data-widget_type=\"iteck-button.default\">\n\t\t\t\t<div class=\"elementor-widget-container\">\n\t\t\t\t\t\r\n\t\t<a href=\"\/hotspot\/hastane-cozumleri\/\"  class=\"iteck-button \">\r\n\t\t\t<span class=\"iteck-button-content-wrapper\">\r\n\t\t\t\t\t\t\t\t\t<span class=\"iteck-button-icon iteck-align-icon-left hover-animation-none\">\r\n\t\t\t\t\t\t<i aria-hidden=\"true\" class=\"fas fa-angle-right\"><\/i>\t\t\t\t\t<\/span>\r\n\t\t\t\t\t\t\t\t<span class=\"iteck-button-text\">\r\n\t\t\t\t\tHastane Hotspot \u00c7\u00f6z\u00fcmleri\t\t\t\t<\/span>\r\n\t\t\t\t\t\t\t<\/span>\r\n\t\t<\/a>\r\n\r\n\t\t\t\t<\/div>\n\t\t\t\t<\/div>\n\t\t\t\t<div class=\"elementor-element elementor-element-262144b elementor-align-left elementor-widget elementor-widget-iteck-button\" data-id=\"262144b\" data-element_type=\"widget\" data-widget_type=\"iteck-button.default\">\n\t\t\t\t<div class=\"elementor-widget-container\">\n\t\t\t\t\t\r\n\t\t<a href=\"\/hotspot\/avm-cozumleri\/\"  class=\"iteck-button \">\r\n\t\t\t<span class=\"iteck-button-content-wrapper\">\r\n\t\t\t\t\t\t\t\t\t<span class=\"iteck-button-icon iteck-align-icon-left hover-animation-none\">\r\n\t\t\t\t\t\t<i aria-hidden=\"true\" class=\"fas fa-angle-right\"><\/i>\t\t\t\t\t<\/span>\r\n\t\t\t\t\t\t\t\t<span class=\"iteck-button-text\">\r\n\t\t\t\t\tAVM Hotspot \u00c7\u00f6z\u00fcmleri\t\t\t\t<\/span>\r\n\t\t\t\t\t\t\t<\/span>\r\n\t\t<\/a>\r\n\r\n\t\t\t\t<\/div>\n\t\t\t\t<\/div>\n\t\t\t\t<div class=\"elementor-element elementor-element-1751335f elementor-align-left elementor-widget elementor-widget-iteck-button\" data-id=\"1751335f\" data-element_type=\"widget\" data-widget_type=\"iteck-button.default\">\n\t\t\t\t<div class=\"elementor-widget-container\">\n\t\t\t\t\t\r\n\t\t<a href=\"\/hotspot\/kurumsal-cozumler\/\"  class=\"iteck-button \">\r\n\t\t\t<span class=\"iteck-button-content-wrapper\">\r\n\t\t\t\t\t\t\t\t\t<span class=\"iteck-button-icon iteck-align-icon-left hover-animation-none\">\r\n\t\t\t\t\t\t<i aria-hidden=\"true\" class=\"fas fa-angle-right\"><\/i>\t\t\t\t\t<\/span>\r\n\t\t\t\t\t\t\t\t<span class=\"iteck-button-text\">\r\n\t\t\t\t\tKurumsal Hotspot \u00c7\u00f6z\u00fcmleri\t\t\t\t<\/span>\r\n\t\t\t\t\t\t\t<\/span>\r\n\t\t<\/a>\r\n\r\n\t\t\t\t<\/div>\n\t\t\t\t<\/div>\n\t\t\t\t\t<\/div>\n\t\t<\/div>\n\t\t\t\t\t<\/div>\n\t\t<\/section>\n\t\t\t\t<section class=\"elementor-section elementor-inner-section elementor-element elementor-element-5d9f8d28 elementor-section-boxed elementor-section-height-default elementor-section-height-default\" data-id=\"5d9f8d28\" data-element_type=\"section\">\n\t\t\t\t\t\t<div class=\"elementor-container elementor-column-gap-default\">\n\t\t\t\t\t<div class=\"elementor-column elementor-col-100 elementor-inner-column elementor-element elementor-element-19c466d9\" data-id=\"19c466d9\" data-element_type=\"column\" data-settings=\"{&quot;background_background&quot;:&quot;classic&quot;}\">\n\t\t\t<div class=\"elementor-widget-wrap elementor-element-populated\">\n\t\t\t\t\t\t<div class=\"elementor-element elementor-element-1e0e88f elementor-widget elementor-widget-iteck-heading\" data-id=\"1e0e88f\" data-element_type=\"widget\" data-widget_type=\"iteck-heading.default\">\n\t\t\t\t<div class=\"elementor-widget-container\">\n\t\t\t\t\t<h3 class=\"iteck-heading\">Hotspot \u00c7\u00f6z\u00fcmleri \u0130\u00e7in<\/h3>\t\t\t\t<\/div>\n\t\t\t\t<\/div>\n\t\t\t\t<div class=\"elementor-element elementor-element-3124f6b0 elementor-align-center elementor-widget elementor-widget-iteck-button\" data-id=\"3124f6b0\" data-element_type=\"widget\" data-widget_type=\"iteck-button.default\">\n\t\t\t\t<div class=\"elementor-widget-container\">\n\t\t\t\t\t\r\n\t\t<a href=\"\/hotspot\/iletisim\/\"  class=\"iteck-button \">\r\n\t\t\t<span class=\"iteck-button-content-wrapper\">\r\n\t\t\t\t\t\t\t\t<span class=\"iteck-button-text\">\r\n\t\t\t\t\tBize Ula\u015f\u0131n\t\t\t\t<\/span>\r\n\t\t\t\t\t\t\t\t\t<span class=\"iteck-button-icon iteck-align-icon-right hover-animation-none\">\r\n\t\t\t\t\t\t\t\t\t\t\t<\/span>\r\n\t\t\t\t\t\t\t<\/span>\r\n\t\t<\/a>\r\n\r\n\t\t\t\t<\/div>\n\t\t\t\t<\/div>\n\t\t\t\t<div class=\"elementor-element elementor-element-416caf83 elementor-widget__width-initial elementor-absolute elementor-widget elementor-widget-image\" data-id=\"416caf83\" data-element_type=\"widget\" data-settings=\"{&quot;_position&quot;:&quot;absolute&quot;}\" data-widget_type=\"image.default\">\n\t\t\t\t<div class=\"elementor-widget-container\">\n\t\t\t\t\t\t\t\t\t\t\t\t\t\t\t<img decoding=\"async\" src=\"https:\/\/soly.net.tr\/hotspot\/wp-content\/uploads\/2023\/01\/mobil.png\" title=\"mobil\" alt=\"mobil\" loading=\"lazy\" \/>\t\t\t\t\t\t\t\t\t\t\t\t\t\t\t<\/div>\n\t\t\t\t<\/div>\n\t\t\t\t\t<\/div>\n\t\t<\/div>\n\t\t\t\t\t<\/div>\n\t\t<\/section>\n\t\t\t\t\t<\/div>\n\t\t<\/div>\n\t\t\t\t<div class=\"elementor-column elementor-col-66 elementor-top-column elementor-element elementor-element-5bb61d\" data-id=\"5bb61d\" data-element_type=\"column\">\n\t\t\t<div class=\"elementor-widget-wrap elementor-element-populated\">\n\t\t\t\t\t\t<div class=\"elementor-element elementor-element-578f04d0 elementor-widget elementor-widget-image\" data-id=\"578f04d0\" data-element_type=\"widget\" data-widget_type=\"image.default\">\n\t\t\t\t<div class=\"elementor-widget-container\">\n\t\t\t\t\t\t\t\t\t\t\t\t\t\t\t<img fetchpriority=\"high\" decoding=\"async\" width=\"900\" height=\"550\" src=\"https:\/\/soly.net.tr\/hotspot\/wp-content\/uploads\/2023\/03\/kurumsal-hotspot-cozumu.png\" class=\"attachment-full size-full wp-image-7008\" alt=\"\" \/>\t\t\t\t\t\t\t\t\t\t\t\t\t\t\t<\/div>\n\t\t\t\t<\/div>\n\t\t\t\t<div class=\"elementor-element elementor-element-2f8528e0 elementor-widget elementor-widget-iteck-text-editor\" data-id=\"2f8528e0\" data-element_type=\"widget\" data-widget_type=\"iteck-text-editor.default\">\n\t\t\t\t<div class=\"elementor-widget-container\">\n\t\t\t\t\t\t\t\t\t\t<div class=\"elementor-text-editor elementor-clearfix\">\r\n\t\t\t\t<p>Soly Hotspot ile i\u015f yerinizdeki personel ve misafirleriniz i\u00e7in kesintisiz internet hizmeti sunarken i\u015fletmenizi 5651 say\u0131l\u0131 kanun i\u00e7in g\u00fcvende tutun. \u0130\u015f yerinizde kaliteli ve g\u00fcvenli internet hizmeti sunmak i\u00e7in, hotspot \u00e7\u00f6z\u00fcmlerimizle istenilen alanda bir Wi-fi noktas\u0131 olu\u015fturabilirsiniz. Wi-fi noktas\u0131 sayesinde isteyen herkes internet kullan\u0131m\u0131 sa\u011flayabilir. Soly Hotspot, sekt\u00f6rel hotspot \u00e7\u00f6z\u00fcmleri konusunda gerekli t\u00fcm deste\u011fi sa\u011flamaktad\u0131r. Soly hotspot, cihaz\u0131n\u0131za do\u011frudan ba\u011flanarak sizin i\u00e7in t\u00fcm ayarlar\u0131 yapar ve kolay kurulum sa\u011flar. \u0130stedi\u011finiz kullan\u0131c\u0131y\u0131 kara listeye ekleyebilir veya tek t\u0131kla oturumunu sonland\u0131rabilirsiniz.<\/p><p>\u0130ster TC kimlik numaras\u0131 do\u011frulamas\u0131 ile ister kullan\u0131c\u0131 ad\u0131 ve parola ile hotspot sisteminizi y\u00f6netebilirsiniz. B\u00f6ylece 5651 yasas\u0131na uygun log (kay\u0131t) tutarak do\u011fabilecek riskleri azaltabilirsiniz.<\/p><p>Hotspot sistemi ile kullan\u0131c\u0131 profiline g\u00f6re hangi g\u00fcn veya saatler aras\u0131nda sistemin aktif olabilece\u011fini belirleyebilir, yasakl\u0131 sitelere giri\u015fi engelleyebilirsiniz.<\/p>\t\t\t\t\t<\/div>\r\n\t\t\t\t\t\t\t\t<\/div>\n\t\t\t\t<\/div>\n\t\t\t\t<div class=\"elementor-element elementor-element-2d882fe4 elementor-widget elementor-widget-iteck-text-editor\" data-id=\"2d882fe4\" data-element_type=\"widget\" data-widget_type=\"iteck-text-editor.default\">\n\t\t\t\t<div class=\"elementor-widget-container\">\n\t\t\t\t\t\t\t\t\t\t<div class=\"elementor-text-editor elementor-clearfix\">\r\n\t\t\t\t<p>Soly Hotspot sistemini, i\u015fyerinizde kulland\u0131\u011f\u0131n\u0131z yaz\u0131l\u0131m\u0131n\u0131z ile entegrasyon yaparak verilerinizi otomatik e\u015fitleyebilir ve detayl\u0131 raporlama yapabilirsiniz. Hotspot paneli \u00fczerinde yaz\u0131l\u0131m\u0131n\u0131z\u0131n durumu g\u00f6rebilir ve aksakl\u0131k durumunda an\u0131nda bildirim alabilirsiniz.<\/p>\t\t\t\t\t<\/div>\r\n\t\t\t\t\t\t\t\t<\/div>\n\t\t\t\t<\/div>\n\t\t\t\t<div class=\"elementor-element elementor-element-77587106 elementor-position-left iteck-icon-box-vertical-align-middle elementor-view-default elementor-widget elementor-widget-iteck-icon-box\" data-id=\"77587106\" data-element_type=\"widget\" data-widget_type=\"iteck-icon-box.default\">\n\t\t\t\t<div class=\"elementor-widget-container\">\n\t\t\t\t\t\t\t<div class=\"iteck-icon-box position-left elementor-icon-box-wrapper\">\r\n\t\t\t\t\t\t<div class=\"elementor-icon-box-icon\">\r\n\t\t\t\t<span class=\"elementor-icon elementor-animation-\" >\r\n\t\t\t\t<i aria-hidden=\"true\" class=\"fas fa-check-circle\"><\/i>\t\t\t\t\t\t\t\t\t\t\t\t<\/span>\r\n\t\t\t<\/div>\r\n\t\t\t\t\t\t<div class=\"elementor-icon-box-content\">\r\n\t\t\t\t<p class=\"elementor-icon-box-title\">\r\n\t\t\t\t\t<span  >\r\n\t\t\t\t\t\t\t\t\t\t\t<\/span>\r\n\t\t\t\t<\/p>\r\n\t\t\t\t\t\t\t\t\t<p class=\"elementor-icon-box-description\">\r\n\t\t\t\t\t\tSoly Hotspot ile s\u0131n\u0131rlar\u0131 kald\u0131r\u0131n\t\t\t\t\t<\/p>\r\n\t\t\t\t\t\t\t<\/div>\r\n\t\t\t\t\t<\/div>\r\n\t\t\t\t\t\t<\/div>\n\t\t\t\t<\/div>\n\t\t\t\t<div class=\"elementor-element elementor-element-616dbc24 elementor-position-left iteck-icon-box-vertical-align-middle elementor-view-default elementor-widget elementor-widget-iteck-icon-box\" data-id=\"616dbc24\" data-element_type=\"widget\" data-widget_type=\"iteck-icon-box.default\">\n\t\t\t\t<div class=\"elementor-widget-container\">\n\t\t\t\t\t\t\t<div class=\"iteck-icon-box position-left elementor-icon-box-wrapper\">\r\n\t\t\t\t\t\t<div class=\"elementor-icon-box-icon\">\r\n\t\t\t\t<span class=\"elementor-icon elementor-animation-\" >\r\n\t\t\t\t<i aria-hidden=\"true\" class=\"fas fa-check-circle\"><\/i>\t\t\t\t\t\t\t\t\t\t\t\t<\/span>\r\n\t\t\t<\/div>\r\n\t\t\t\t\t\t<div class=\"elementor-icon-box-content\">\r\n\t\t\t\t<p class=\"elementor-icon-box-title\">\r\n\t\t\t\t\t<span  >\r\n\t\t\t\t\t\t\t\t\t\t\t<\/span>\r\n\t\t\t\t<\/p>\r\n\t\t\t\t\t\t\t\t\t<p class=\"elementor-icon-box-description\">\r\n\t\t\t\t\t\tSekt\u00f6rel hotspot \u00e7\u00f6z\u00fcmlerimiz ile i\u015finize de\u011fer kat\u0131n\t\t\t\t\t<\/p>\r\n\t\t\t\t\t\t\t<\/div>\r\n\t\t\t\t\t<\/div>\r\n\t\t\t\t\t\t<\/div>\n\t\t\t\t<\/div>\n\t\t\t\t\t<\/div>\n\t\t<\/div>\n\t\t\t\t\t<\/div>\n\t\t<\/section>\n\t\t\t\t<\/div>\n\t\t","protected":false},"excerpt":{"rendered":"<p>Kurumsal HotSpot \u00c7\u00f6z\u00fcmleri Sekt\u00f6rel Hotspot \u00c7\u00f6z\u00fcmleri Otel Hotspot \u00c7\u00f6z\u00fcmleri Yurt Hotspot \u00c7\u00f6z\u00fcmleri Kafe &#038; Restaurant Hotspot \u00c7\u00f6z\u00fcmleri Hastane Hotspot \u00c7\u00f6z\u00fcmleri AVM Hotspot \u00c7\u00f6z\u00fcmleri Kurumsal Hotspot \u00c7\u00f6z\u00fcmleri Hotspot \u00c7\u00f6z\u00fcmleri \u0130\u00e7in Bize Ula\u015f\u0131n Soly Hotspot ile i\u015f yerinizdeki personel ve misafirleriniz i\u00e7in kesintisiz internet hizmeti sunarken i\u015fletmenizi 5651 say\u0131l\u0131 kanun i\u00e7in g\u00fcvende tutun. \u0130\u015f yerinizde kaliteli ve g\u00fcvenli internet hizmeti sunmak i\u00e7in, &hellip;<\/p>\n","protected":false},"author":2,"featured_media":0,"parent":0,"menu_order":0,"comment_status":"closed","ping_status":"closed","template":"blank-builder.php","meta":{"footnotes":""},"class_list":["post-7255","page","type-page","status-publish","hentry"],"_links":{"self":[{"href":"https:\/\/soly.net.tr\/hotspot\/wp-json\/wp\/v2\/pages\/7255","targetHints":{"allow":["GET"]}}],"collection":[{"href":"https:\/\/soly.net.tr\/hotspot\/wp-json\/wp\/v2\/pages"}],"about":[{"href":"https:\/\/soly.net.tr\/hotspot\/wp-json\/wp\/v2\/types\/page"}],"author":[{"embeddable":true,"href":"https:\/\/soly.net.tr\/hotspot\/wp-json\/wp\/v2\/users\/2"}],"replies":[{"embeddable":true,"href":"https:\/\/soly.net.tr\/hotspot\/wp-json\/wp\/v2\/comments?post=7255"}],"version-history":[{"count":0,"href":"https:\/\/soly.net.tr\/hotspot\/wp-json\/wp\/v2\/pages\/7255\/revisions"}],"wp:attachment":[{"href":"https:\/\/soly.net.tr\/hotspot\/wp-json\/wp\/v2\/media?parent=7255"}],"curies":[{"name":"wp","href":"https:\/\/api.w.org\/{rel}","templated":true}]}}